{"id":1540,"date":"2026-02-10T14:29:55","date_gmt":"2026-02-10T14:29:55","guid":{"rendered":"https:\/\/www.histoiredorient.com\/?post_type=product&#038;p=1540"},"modified":"2026-02-10T14:29:55","modified_gmt":"2026-02-10T14:29:55","slug":"safran-pur","status":"publish","type":"product","link":"https:\/\/www.histoiredorient.com\/index.php\/product\/safran-pur\/","title":{"rendered":"Safran pur"},"content":{"rendered":"<p>Le safran pur de la r\u00e9gion de Taliouine est r\u00e9put\u00e9 pour sa qualit\u00e9 exceptionnelle.\u00a0Il est cultiv\u00e9 dans les montagnes de l&#8217;Anti-Atlas au Maroc, o\u00f9 les conditions climatiques et g\u00e9ographiques id\u00e9ales permettent une production de safran de premi\u00e8re qualit\u00e9.\u00a0Ce safran est caract\u00e9ris\u00e9 par ses longs filaments rouge vif, son ar\u00f4me intense et ses notes de miel et de fleurs.\u00a0Il est largement utilis\u00e9 dans la cuisine marocaine et internationale pour ajouter de la saveur et de la couleur aux plats.<\/p>\n","protected":false},"excerpt":{"rendered":"<p>Safran pur 1g<\/p>\n","protected":false},"featured_media":1541,"comment_status":"open","ping_status":"closed","template":"","meta":[],"product_brand":[],"product_cat":[33,30],"product_tag":[],"class_list":{"0":"post-1540","1":"product","2":"type-product","3":"status-publish","4":"has-post-thumbnail","6":"product_cat-delices-du-pays","7":"product_cat-epicerie-salee","8":"product_shipping_class-lege","10":"first","11":"instock","12":"taxable","13":"shipping-taxable","14":"purchasable","15":"product-type-simple"},"yoast_head":"<!-- This site is optimized with the Yoast SEO plugin v27.0 - https:\/\/yoast.com\/product\/yoast-seo-wordpress\/ -->\n<title>Safran pur - Histoire d&#039;Orient | \u00c9picerie Fine &amp; Artisanat Oriental d&#039;Excellence<\/title>\n<meta name=\"robots\" content=\"index, follow, max-snippet:-1, max-image-preview:large, max-video-preview:-1\" \/>\n<link rel=\"canonical\" href=\"https:\/\/www.histoiredorient.com\/index.php\/product\/safran-pur\/\" \/>\n<meta property=\"og:locale\" content=\"fr_FR\" \/>\n<meta property=\"og:type\" content=\"article\" \/>\n<meta property=\"og:title\" content=\"Safran pur - Histoire d&#039;Orient | \u00c9picerie Fine &amp; Artisanat Oriental d&#039;Excellence\" \/>\n<meta property=\"og:description\" content=\"Safran pur 1g\" \/>\n<meta property=\"og:url\" content=\"https:\/\/www.histoiredorient.com\/index.php\/product\/safran-pur\/\" \/>\n<meta property=\"og:site_name\" content=\"Histoire d&#039;Orient | \u00c9picerie Fine &amp; Artisanat Oriental d&#039;Excellence\" \/>\n<meta property=\"og:image\" content=\"https:\/\/www.histoiredorient.com\/wp-content\/uploads\/2026\/02\/safran-pur.jpg\" \/>\n\t<meta property=\"og:image:width\" content=\"800\" \/>\n\t<meta property=\"og:image:height\" content=\"800\" \/>\n\t<meta property=\"og:image:type\" content=\"image\/jpeg\" \/>\n<meta name=\"twitter:card\" content=\"summary_large_image\" \/>\n<meta name=\"twitter:label1\" content=\"Dur\u00e9e de lecture estim\u00e9e\" \/>\n\t<meta name=\"twitter:data1\" content=\"1 minute\" \/>\n<script type=\"application\/ld+json\" class=\"yoast-schema-graph\">{\"@context\":\"https:\/\/schema.org\",\"@graph\":[{\"@type\":\"WebPage\",\"@id\":\"https:\/\/www.histoiredorient.com\/index.php\/product\/safran-pur\/\",\"url\":\"https:\/\/www.histoiredorient.com\/index.php\/product\/safran-pur\/\",\"name\":\"Safran pur - Histoire d&#039;Orient | \u00c9picerie Fine &amp; Artisanat Oriental d&#039;Excellence\",\"isPartOf\":{\"@id\":\"https:\/\/www.histoiredorient.com\/#website\"},\"primaryImageOfPage\":{\"@id\":\"https:\/\/www.histoiredorient.com\/index.php\/product\/safran-pur\/#primaryimage\"},\"image\":{\"@id\":\"https:\/\/www.histoiredorient.com\/index.php\/product\/safran-pur\/#primaryimage\"},\"thumbnailUrl\":\"https:\/\/www.histoiredorient.com\/wp-content\/uploads\/2026\/02\/safran-pur.jpg\",\"datePublished\":\"2026-02-10T14:29:55+00:00\",\"breadcrumb\":{\"@id\":\"https:\/\/www.histoiredorient.com\/index.php\/product\/safran-pur\/#breadcrumb\"},\"inLanguage\":\"fr-FR\",\"potentialAction\":[{\"@type\":\"ReadAction\",\"target\":[\"https:\/\/www.histoiredorient.com\/index.php\/product\/safran-pur\/\"]}]},{\"@type\":\"ImageObject\",\"inLanguage\":\"fr-FR\",\"@id\":\"https:\/\/www.histoiredorient.com\/index.php\/product\/safran-pur\/#primaryimage\",\"url\":\"https:\/\/www.histoiredorient.com\/wp-content\/uploads\/2026\/02\/safran-pur.jpg\",\"contentUrl\":\"https:\/\/www.histoiredorient.com\/wp-content\/uploads\/2026\/02\/safran-pur.jpg\",\"width\":800,\"height\":800},{\"@type\":\"BreadcrumbList\",\"@id\":\"https:\/\/www.histoiredorient.com\/index.php\/product\/safran-pur\/#breadcrumb\",\"itemListElement\":[{\"@type\":\"ListItem\",\"position\":1,\"name\":\"Accueil\",\"item\":\"https:\/\/www.histoiredorient.com\/\"},{\"@type\":\"ListItem\",\"position\":2,\"name\":\"Nos Produits\",\"item\":\"https:\/\/www.histoiredorient.com\/index.php\/products\/\"},{\"@type\":\"ListItem\",\"position\":3,\"name\":\"Safran pur\"}]},{\"@type\":\"WebSite\",\"@id\":\"https:\/\/www.histoiredorient.com\/#website\",\"url\":\"https:\/\/www.histoiredorient.com\/\",\"name\":\"Histoire d'Orient\",\"description\":\"Les saveurs et l\u2019art de vivre de l\u2019Orient chez vous.\",\"publisher\":{\"@id\":\"https:\/\/www.histoiredorient.com\/#organization\"},\"potentialAction\":[{\"@type\":\"SearchAction\",\"target\":{\"@type\":\"EntryPoint\",\"urlTemplate\":\"https:\/\/www.histoiredorient.com\/?s={search_term_string}\"},\"query-input\":{\"@type\":\"PropertyValueSpecification\",\"valueRequired\":true,\"valueName\":\"search_term_string\"}}],\"inLanguage\":\"fr-FR\"},{\"@type\":\"Organization\",\"@id\":\"https:\/\/www.histoiredorient.com\/#organization\",\"name\":\"Histoire d'Orient\",\"url\":\"https:\/\/www.histoiredorient.com\/\",\"logo\":{\"@type\":\"ImageObject\",\"inLanguage\":\"fr-FR\",\"@id\":\"https:\/\/www.histoiredorient.com\/#\/schema\/logo\/image\/\",\"url\":\"https:\/\/www.histoiredorient.com\/wp-content\/uploads\/2025\/12\/logo.png\",\"contentUrl\":\"https:\/\/www.histoiredorient.com\/wp-content\/uploads\/2025\/12\/logo.png\",\"width\":1536,\"height\":1024,\"caption\":\"Histoire d'Orient\"},\"image\":{\"@id\":\"https:\/\/www.histoiredorient.com\/#\/schema\/logo\/image\/\"}}]}<\/script>\n<!-- \/ Yoast SEO plugin. -->","yoast_head_json":{"title":"Safran pur - Histoire d&#039;Orient | \u00c9picerie Fine &amp; Artisanat Oriental d&#039;Excellence","robots":{"index":"index","follow":"follow","max-snippet":"max-snippet:-1","max-image-preview":"max-image-preview:large","max-video-preview":"max-video-preview:-1"},"canonical":"https:\/\/www.histoiredorient.com\/index.php\/product\/safran-pur\/","og_locale":"fr_FR","og_type":"article","og_title":"Safran pur - Histoire d&#039;Orient | \u00c9picerie Fine &amp; Artisanat Oriental d&#039;Excellence","og_description":"Safran pur 1g","og_url":"https:\/\/www.histoiredorient.com\/index.php\/product\/safran-pur\/","og_site_name":"Histoire d&#039;Orient | \u00c9picerie Fine &amp; Artisanat Oriental d&#039;Excellence","og_image":[{"width":800,"height":800,"url":"https:\/\/www.histoiredorient.com\/wp-content\/uploads\/2026\/02\/safran-pur.jpg","type":"image\/jpeg"}],"twitter_card":"summary_large_image","twitter_misc":{"Dur\u00e9e de lecture estim\u00e9e":"1 minute"},"schema":{"@context":"https:\/\/schema.org","@graph":[{"@type":"WebPage","@id":"https:\/\/www.histoiredorient.com\/index.php\/product\/safran-pur\/","url":"https:\/\/www.histoiredorient.com\/index.php\/product\/safran-pur\/","name":"Safran pur - Histoire d&#039;Orient | \u00c9picerie Fine &amp; Artisanat Oriental d&#039;Excellence","isPartOf":{"@id":"https:\/\/www.histoiredorient.com\/#website"},"primaryImageOfPage":{"@id":"https:\/\/www.histoiredorient.com\/index.php\/product\/safran-pur\/#primaryimage"},"image":{"@id":"https:\/\/www.histoiredorient.com\/index.php\/product\/safran-pur\/#primaryimage"},"thumbnailUrl":"https:\/\/www.histoiredorient.com\/wp-content\/uploads\/2026\/02\/safran-pur.jpg","datePublished":"2026-02-10T14:29:55+00:00","breadcrumb":{"@id":"https:\/\/www.histoiredorient.com\/index.php\/product\/safran-pur\/#breadcrumb"},"inLanguage":"fr-FR","potentialAction":[{"@type":"ReadAction","target":["https:\/\/www.histoiredorient.com\/index.php\/product\/safran-pur\/"]}]},{"@type":"ImageObject","inLanguage":"fr-FR","@id":"https:\/\/www.histoiredorient.com\/index.php\/product\/safran-pur\/#primaryimage","url":"https:\/\/www.histoiredorient.com\/wp-content\/uploads\/2026\/02\/safran-pur.jpg","contentUrl":"https:\/\/www.histoiredorient.com\/wp-content\/uploads\/2026\/02\/safran-pur.jpg","width":800,"height":800},{"@type":"BreadcrumbList","@id":"https:\/\/www.histoiredorient.com\/index.php\/product\/safran-pur\/#breadcrumb","itemListElement":[{"@type":"ListItem","position":1,"name":"Accueil","item":"https:\/\/www.histoiredorient.com\/"},{"@type":"ListItem","position":2,"name":"Nos Produits","item":"https:\/\/www.histoiredorient.com\/index.php\/products\/"},{"@type":"ListItem","position":3,"name":"Safran pur"}]},{"@type":"WebSite","@id":"https:\/\/www.histoiredorient.com\/#website","url":"https:\/\/www.histoiredorient.com\/","name":"Histoire d'Orient","description":"Les saveurs et l\u2019art de vivre de l\u2019Orient chez vous.","publisher":{"@id":"https:\/\/www.histoiredorient.com\/#organization"},"potentialAction":[{"@type":"SearchAction","target":{"@type":"EntryPoint","urlTemplate":"https:\/\/www.histoiredorient.com\/?s={search_term_string}"},"query-input":{"@type":"PropertyValueSpecification","valueRequired":true,"valueName":"search_term_string"}}],"inLanguage":"fr-FR"},{"@type":"Organization","@id":"https:\/\/www.histoiredorient.com\/#organization","name":"Histoire d'Orient","url":"https:\/\/www.histoiredorient.com\/","logo":{"@type":"ImageObject","inLanguage":"fr-FR","@id":"https:\/\/www.histoiredorient.com\/#\/schema\/logo\/image\/","url":"https:\/\/www.histoiredorient.com\/wp-content\/uploads\/2025\/12\/logo.png","contentUrl":"https:\/\/www.histoiredorient.com\/wp-content\/uploads\/2025\/12\/logo.png","width":1536,"height":1024,"caption":"Histoire d'Orient"},"image":{"@id":"https:\/\/www.histoiredorient.com\/#\/schema\/logo\/image\/"}}]}},"_links":{"self":[{"href":"https:\/\/www.histoiredorient.com\/index.php\/wp-json\/wp\/v2\/product\/1540","targetHints":{"allow":["GET"]}}],"collection":[{"href":"https:\/\/www.histoiredorient.com\/index.php\/wp-json\/wp\/v2\/product"}],"about":[{"href":"https:\/\/www.histoiredorient.com\/index.php\/wp-json\/wp\/v2\/types\/product"}],"replies":[{"embeddable":true,"href":"https:\/\/www.histoiredorient.com\/index.php\/wp-json\/wp\/v2\/comments?post=1540"}],"wp:featuredmedia":[{"embeddable":true,"href":"https:\/\/www.histoiredorient.com\/index.php\/wp-json\/wp\/v2\/media\/1541"}],"wp:attachment":[{"href":"https:\/\/www.histoiredorient.com\/index.php\/wp-json\/wp\/v2\/media?parent=1540"}],"wp:term":[{"taxonomy":"product_brand","embeddable":true,"href":"https:\/\/www.histoiredorient.com\/index.php\/wp-json\/wp\/v2\/product_brand?post=1540"},{"taxonomy":"product_cat","embeddable":true,"href":"https:\/\/www.histoiredorient.com\/index.php\/wp-json\/wp\/v2\/product_cat?post=1540"},{"taxonomy":"product_tag","embeddable":true,"href":"https:\/\/www.histoiredorient.com\/index.php\/wp-json\/wp\/v2\/product_tag?post=1540"}],"curies":[{"name":"wp","href":"https:\/\/api.w.org\/{rel}","templated":true}]}}