{"id":1514,"date":"2026-02-10T13:48:09","date_gmt":"2026-02-10T13:48:09","guid":{"rendered":"https:\/\/www.histoiredorient.com\/?post_type=product&#038;p=1514"},"modified":"2026-03-03T10:06:09","modified_gmt":"2026-03-03T10:06:09","slug":"petite-coupelle-en-ceramique","status":"publish","type":"product","link":"https:\/\/www.histoiredorient.com\/index.php\/product\/petite-coupelle-en-ceramique\/","title":{"rendered":"Petite coupelle en c\u00e9ramique"},"content":{"rendered":"<p><strong data-start=\"208\" data-end=\"255\">Coupelle en c\u00e9ramique artisanale<\/strong>, orn\u00e9e du motif traditionnel de l\u2019\u0153il protecteur bleu. Symbole de protection et de chance, elle apporte une touche m\u00e9diterran\u00e9enne et apaisante \u00e0 votre int\u00e9rieur. Chaque pi\u00e8ce est peinte \u00e0 la main et pr\u00e9sente de l\u00e9g\u00e8res variations qui en font un objet unique.<\/p>\n","protected":false},"excerpt":{"rendered":"<p>Petite coupelle en c\u00e9ramique (Taille : 13 cm)<\/p>\n","protected":false},"featured_media":1515,"comment_status":"open","ping_status":"closed","template":"","meta":[],"product_brand":[],"product_cat":[21,32],"product_tag":[],"class_list":{"0":"post-1514","1":"product","2":"type-product","3":"status-publish","4":"has-post-thumbnail","6":"product_cat-decor","7":"product_cat-art-de-table","9":"first","10":"outofstock","11":"taxable","12":"shipping-taxable","13":"purchasable","14":"product-type-simple"},"yoast_head":"<!-- This site is optimized with the Yoast SEO plugin v27.0 - https:\/\/yoast.com\/product\/yoast-seo-wordpress\/ -->\n<title>Petite coupelle en c\u00e9ramique - Histoire d&#039;Orient | \u00c9picerie Fine &amp; Artisanat Oriental d&#039;Excellence<\/title>\n<meta name=\"robots\" content=\"index, follow, max-snippet:-1, max-image-preview:large, max-video-preview:-1\" \/>\n<link rel=\"canonical\" href=\"https:\/\/www.histoiredorient.com\/index.php\/product\/petite-coupelle-en-ceramique\/\" \/>\n<meta property=\"og:locale\" content=\"fr_FR\" \/>\n<meta property=\"og:type\" content=\"article\" \/>\n<meta property=\"og:title\" content=\"Petite coupelle en c\u00e9ramique - Histoire d&#039;Orient | \u00c9picerie Fine &amp; Artisanat Oriental d&#039;Excellence\" \/>\n<meta property=\"og:description\" content=\"Petite coupelle en c\u00e9ramique (Taille : 13 cm)\" \/>\n<meta property=\"og:url\" content=\"https:\/\/www.histoiredorient.com\/index.php\/product\/petite-coupelle-en-ceramique\/\" \/>\n<meta property=\"og:site_name\" content=\"Histoire d&#039;Orient | \u00c9picerie Fine &amp; Artisanat Oriental d&#039;Excellence\" \/>\n<meta property=\"article:modified_time\" content=\"2026-03-03T10:06:09+00:00\" \/>\n<meta property=\"og:image\" content=\"https:\/\/www.histoiredorient.com\/wp-content\/uploads\/2026\/02\/6f71e2eb-0d17-48d4-9d84-3c2ec2ae6a83.jpg\" \/>\n\t<meta property=\"og:image:width\" content=\"1536\" \/>\n\t<meta property=\"og:image:height\" content=\"2048\" \/>\n\t<meta property=\"og:image:type\" content=\"image\/jpeg\" \/>\n<meta name=\"twitter:card\" content=\"summary_large_image\" \/>\n<meta name=\"twitter:label1\" content=\"Dur\u00e9e de lecture estim\u00e9e\" \/>\n\t<meta name=\"twitter:data1\" content=\"1 minute\" \/>\n<script type=\"application\/ld+json\" class=\"yoast-schema-graph\">{\"@context\":\"https:\/\/schema.org\",\"@graph\":[{\"@type\":\"WebPage\",\"@id\":\"https:\/\/www.histoiredorient.com\/index.php\/product\/petite-coupelle-en-ceramique\/\",\"url\":\"https:\/\/www.histoiredorient.com\/index.php\/product\/petite-coupelle-en-ceramique\/\",\"name\":\"Petite coupelle en c\u00e9ramique - Histoire d&#039;Orient | \u00c9picerie Fine &amp; Artisanat Oriental d&#039;Excellence\",\"isPartOf\":{\"@id\":\"https:\/\/www.histoiredorient.com\/#website\"},\"primaryImageOfPage\":{\"@id\":\"https:\/\/www.histoiredorient.com\/index.php\/product\/petite-coupelle-en-ceramique\/#primaryimage\"},\"image\":{\"@id\":\"https:\/\/www.histoiredorient.com\/index.php\/product\/petite-coupelle-en-ceramique\/#primaryimage\"},\"thumbnailUrl\":\"https:\/\/www.histoiredorient.com\/wp-content\/uploads\/2026\/02\/6f71e2eb-0d17-48d4-9d84-3c2ec2ae6a83.jpg\",\"datePublished\":\"2026-02-10T13:48:09+00:00\",\"dateModified\":\"2026-03-03T10:06:09+00:00\",\"breadcrumb\":{\"@id\":\"https:\/\/www.histoiredorient.com\/index.php\/product\/petite-coupelle-en-ceramique\/#breadcrumb\"},\"inLanguage\":\"fr-FR\",\"potentialAction\":[{\"@type\":\"ReadAction\",\"target\":[\"https:\/\/www.histoiredorient.com\/index.php\/product\/petite-coupelle-en-ceramique\/\"]}]},{\"@type\":\"ImageObject\",\"inLanguage\":\"fr-FR\",\"@id\":\"https:\/\/www.histoiredorient.com\/index.php\/product\/petite-coupelle-en-ceramique\/#primaryimage\",\"url\":\"https:\/\/www.histoiredorient.com\/wp-content\/uploads\/2026\/02\/6f71e2eb-0d17-48d4-9d84-3c2ec2ae6a83.jpg\",\"contentUrl\":\"https:\/\/www.histoiredorient.com\/wp-content\/uploads\/2026\/02\/6f71e2eb-0d17-48d4-9d84-3c2ec2ae6a83.jpg\",\"width\":1536,\"height\":2048},{\"@type\":\"BreadcrumbList\",\"@id\":\"https:\/\/www.histoiredorient.com\/index.php\/product\/petite-coupelle-en-ceramique\/#breadcrumb\",\"itemListElement\":[{\"@type\":\"ListItem\",\"position\":1,\"name\":\"Accueil\",\"item\":\"https:\/\/www.histoiredorient.com\/\"},{\"@type\":\"ListItem\",\"position\":2,\"name\":\"Nos Produits\",\"item\":\"https:\/\/www.histoiredorient.com\/index.php\/products\/\"},{\"@type\":\"ListItem\",\"position\":3,\"name\":\"Petite coupelle en c\u00e9ramique\"}]},{\"@type\":\"WebSite\",\"@id\":\"https:\/\/www.histoiredorient.com\/#website\",\"url\":\"https:\/\/www.histoiredorient.com\/\",\"name\":\"Histoire d'Orient\",\"description\":\"Les saveurs et l\u2019art de vivre de l\u2019Orient chez vous.\",\"publisher\":{\"@id\":\"https:\/\/www.histoiredorient.com\/#organization\"},\"potentialAction\":[{\"@type\":\"SearchAction\",\"target\":{\"@type\":\"EntryPoint\",\"urlTemplate\":\"https:\/\/www.histoiredorient.com\/?s={search_term_string}\"},\"query-input\":{\"@type\":\"PropertyValueSpecification\",\"valueRequired\":true,\"valueName\":\"search_term_string\"}}],\"inLanguage\":\"fr-FR\"},{\"@type\":\"Organization\",\"@id\":\"https:\/\/www.histoiredorient.com\/#organization\",\"name\":\"Histoire d'Orient\",\"url\":\"https:\/\/www.histoiredorient.com\/\",\"logo\":{\"@type\":\"ImageObject\",\"inLanguage\":\"fr-FR\",\"@id\":\"https:\/\/www.histoiredorient.com\/#\/schema\/logo\/image\/\",\"url\":\"https:\/\/www.histoiredorient.com\/wp-content\/uploads\/2025\/12\/logo.png\",\"contentUrl\":\"https:\/\/www.histoiredorient.com\/wp-content\/uploads\/2025\/12\/logo.png\",\"width\":1536,\"height\":1024,\"caption\":\"Histoire d'Orient\"},\"image\":{\"@id\":\"https:\/\/www.histoiredorient.com\/#\/schema\/logo\/image\/\"}}]}<\/script>\n<!-- \/ Yoast SEO plugin. -->","yoast_head_json":{"title":"Petite coupelle en c\u00e9ramique - Histoire d&#039;Orient | \u00c9picerie Fine &amp; Artisanat Oriental d&#039;Excellence","robots":{"index":"index","follow":"follow","max-snippet":"max-snippet:-1","max-image-preview":"max-image-preview:large","max-video-preview":"max-video-preview:-1"},"canonical":"https:\/\/www.histoiredorient.com\/index.php\/product\/petite-coupelle-en-ceramique\/","og_locale":"fr_FR","og_type":"article","og_title":"Petite coupelle en c\u00e9ramique - Histoire d&#039;Orient | \u00c9picerie Fine &amp; Artisanat Oriental d&#039;Excellence","og_description":"Petite coupelle en c\u00e9ramique (Taille : 13 cm)","og_url":"https:\/\/www.histoiredorient.com\/index.php\/product\/petite-coupelle-en-ceramique\/","og_site_name":"Histoire d&#039;Orient | \u00c9picerie Fine &amp; Artisanat Oriental d&#039;Excellence","article_modified_time":"2026-03-03T10:06:09+00:00","og_image":[{"width":1536,"height":2048,"url":"https:\/\/www.histoiredorient.com\/wp-content\/uploads\/2026\/02\/6f71e2eb-0d17-48d4-9d84-3c2ec2ae6a83.jpg","type":"image\/jpeg"}],"twitter_card":"summary_large_image","twitter_misc":{"Dur\u00e9e de lecture estim\u00e9e":"1 minute"},"schema":{"@context":"https:\/\/schema.org","@graph":[{"@type":"WebPage","@id":"https:\/\/www.histoiredorient.com\/index.php\/product\/petite-coupelle-en-ceramique\/","url":"https:\/\/www.histoiredorient.com\/index.php\/product\/petite-coupelle-en-ceramique\/","name":"Petite coupelle en c\u00e9ramique - Histoire d&#039;Orient | \u00c9picerie Fine &amp; Artisanat Oriental d&#039;Excellence","isPartOf":{"@id":"https:\/\/www.histoiredorient.com\/#website"},"primaryImageOfPage":{"@id":"https:\/\/www.histoiredorient.com\/index.php\/product\/petite-coupelle-en-ceramique\/#primaryimage"},"image":{"@id":"https:\/\/www.histoiredorient.com\/index.php\/product\/petite-coupelle-en-ceramique\/#primaryimage"},"thumbnailUrl":"https:\/\/www.histoiredorient.com\/wp-content\/uploads\/2026\/02\/6f71e2eb-0d17-48d4-9d84-3c2ec2ae6a83.jpg","datePublished":"2026-02-10T13:48:09+00:00","dateModified":"2026-03-03T10:06:09+00:00","breadcrumb":{"@id":"https:\/\/www.histoiredorient.com\/index.php\/product\/petite-coupelle-en-ceramique\/#breadcrumb"},"inLanguage":"fr-FR","potentialAction":[{"@type":"ReadAction","target":["https:\/\/www.histoiredorient.com\/index.php\/product\/petite-coupelle-en-ceramique\/"]}]},{"@type":"ImageObject","inLanguage":"fr-FR","@id":"https:\/\/www.histoiredorient.com\/index.php\/product\/petite-coupelle-en-ceramique\/#primaryimage","url":"https:\/\/www.histoiredorient.com\/wp-content\/uploads\/2026\/02\/6f71e2eb-0d17-48d4-9d84-3c2ec2ae6a83.jpg","contentUrl":"https:\/\/www.histoiredorient.com\/wp-content\/uploads\/2026\/02\/6f71e2eb-0d17-48d4-9d84-3c2ec2ae6a83.jpg","width":1536,"height":2048},{"@type":"BreadcrumbList","@id":"https:\/\/www.histoiredorient.com\/index.php\/product\/petite-coupelle-en-ceramique\/#breadcrumb","itemListElement":[{"@type":"ListItem","position":1,"name":"Accueil","item":"https:\/\/www.histoiredorient.com\/"},{"@type":"ListItem","position":2,"name":"Nos Produits","item":"https:\/\/www.histoiredorient.com\/index.php\/products\/"},{"@type":"ListItem","position":3,"name":"Petite coupelle en c\u00e9ramique"}]},{"@type":"WebSite","@id":"https:\/\/www.histoiredorient.com\/#website","url":"https:\/\/www.histoiredorient.com\/","name":"Histoire d'Orient","description":"Les saveurs et l\u2019art de vivre de l\u2019Orient chez vous.","publisher":{"@id":"https:\/\/www.histoiredorient.com\/#organization"},"potentialAction":[{"@type":"SearchAction","target":{"@type":"EntryPoint","urlTemplate":"https:\/\/www.histoiredorient.com\/?s={search_term_string}"},"query-input":{"@type":"PropertyValueSpecification","valueRequired":true,"valueName":"search_term_string"}}],"inLanguage":"fr-FR"},{"@type":"Organization","@id":"https:\/\/www.histoiredorient.com\/#organization","name":"Histoire d'Orient","url":"https:\/\/www.histoiredorient.com\/","logo":{"@type":"ImageObject","inLanguage":"fr-FR","@id":"https:\/\/www.histoiredorient.com\/#\/schema\/logo\/image\/","url":"https:\/\/www.histoiredorient.com\/wp-content\/uploads\/2025\/12\/logo.png","contentUrl":"https:\/\/www.histoiredorient.com\/wp-content\/uploads\/2025\/12\/logo.png","width":1536,"height":1024,"caption":"Histoire d'Orient"},"image":{"@id":"https:\/\/www.histoiredorient.com\/#\/schema\/logo\/image\/"}}]}},"_links":{"self":[{"href":"https:\/\/www.histoiredorient.com\/index.php\/wp-json\/wp\/v2\/product\/1514","targetHints":{"allow":["GET"]}}],"collection":[{"href":"https:\/\/www.histoiredorient.com\/index.php\/wp-json\/wp\/v2\/product"}],"about":[{"href":"https:\/\/www.histoiredorient.com\/index.php\/wp-json\/wp\/v2\/types\/product"}],"replies":[{"embeddable":true,"href":"https:\/\/www.histoiredorient.com\/index.php\/wp-json\/wp\/v2\/comments?post=1514"}],"wp:featuredmedia":[{"embeddable":true,"href":"https:\/\/www.histoiredorient.com\/index.php\/wp-json\/wp\/v2\/media\/1515"}],"wp:attachment":[{"href":"https:\/\/www.histoiredorient.com\/index.php\/wp-json\/wp\/v2\/media?parent=1514"}],"wp:term":[{"taxonomy":"product_brand","embeddable":true,"href":"https:\/\/www.histoiredorient.com\/index.php\/wp-json\/wp\/v2\/product_brand?post=1514"},{"taxonomy":"product_cat","embeddable":true,"href":"https:\/\/www.histoiredorient.com\/index.php\/wp-json\/wp\/v2\/product_cat?post=1514"},{"taxonomy":"product_tag","embeddable":true,"href":"https:\/\/www.histoiredorient.com\/index.php\/wp-json\/wp\/v2\/product_tag?post=1514"}],"curies":[{"name":"wp","href":"https:\/\/api.w.org\/{rel}","templated":true}]}}