{"id":1496,"date":"2026-02-10T13:02:29","date_gmt":"2026-02-10T13:02:29","guid":{"rendered":"https:\/\/www.histoiredorient.com\/?post_type=product&#038;p=1496"},"modified":"2026-02-10T13:02:29","modified_gmt":"2026-02-10T13:02:29","slug":"mini-tajine-en-ceramique-artisanale","status":"publish","type":"product","link":"https:\/\/www.histoiredorient.com\/index.php\/product\/mini-tajine-en-ceramique-artisanale\/","title":{"rendered":"Mini tajine en c\u00e9ramique artisanale"},"content":{"rendered":"<p><strong data-start=\"228\" data-end=\"267\">Mini tajine en c\u00e9ramique artisanale<\/strong>, peint \u00e0 la main, id\u00e9al pour pr\u00e9senter harissa, olives, sauces ou condiments. \u00c0 la fois pratique et d\u00e9coratif, il apporte une touche authentique et chaleureuse \u00e0 la table. Chaque pi\u00e8ce est unique, reflet d\u2019un savoir-faire artisanal.<\/p>\n","protected":false},"excerpt":{"rendered":"<p>Mini tajine de pr\u00e9sentation (Taille : petite)<\/p>\n","protected":false},"featured_media":1497,"comment_status":"open","ping_status":"closed","template":"","meta":[],"product_brand":[],"product_cat":[21,32],"product_tag":[],"class_list":{"0":"post-1496","1":"product","2":"type-product","3":"status-publish","4":"has-post-thumbnail","6":"product_cat-decor","7":"product_cat-art-de-table","8":"product_shipping_class-lege","10":"first","11":"instock","12":"taxable","13":"shipping-taxable","14":"purchasable","15":"product-type-simple"},"yoast_head":"<!-- This site is optimized with the Yoast SEO plugin v27.0 - https:\/\/yoast.com\/product\/yoast-seo-wordpress\/ -->\n<title>Mini tajine en c\u00e9ramique artisanale - Histoire d&#039;Orient | \u00c9picerie Fine &amp; Artisanat Oriental d&#039;Excellence<\/title>\n<meta name=\"robots\" content=\"index, follow, max-snippet:-1, max-image-preview:large, max-video-preview:-1\" \/>\n<link rel=\"canonical\" href=\"https:\/\/www.histoiredorient.com\/index.php\/product\/mini-tajine-en-ceramique-artisanale\/\" \/>\n<meta property=\"og:locale\" content=\"fr_FR\" \/>\n<meta property=\"og:type\" content=\"article\" \/>\n<meta property=\"og:title\" content=\"Mini tajine en c\u00e9ramique artisanale - Histoire d&#039;Orient | \u00c9picerie Fine &amp; Artisanat Oriental d&#039;Excellence\" \/>\n<meta property=\"og:description\" content=\"Mini tajine de pr\u00e9sentation (Taille : petite)\" \/>\n<meta property=\"og:url\" content=\"https:\/\/www.histoiredorient.com\/index.php\/product\/mini-tajine-en-ceramique-artisanale\/\" \/>\n<meta property=\"og:site_name\" content=\"Histoire d&#039;Orient | \u00c9picerie Fine &amp; Artisanat Oriental d&#039;Excellence\" \/>\n<meta property=\"og:image\" content=\"https:\/\/www.histoiredorient.com\/wp-content\/uploads\/2026\/02\/IMG_2681-scaled.jpeg\" \/>\n\t<meta property=\"og:image:width\" content=\"1920\" \/>\n\t<meta property=\"og:image:height\" content=\"2560\" \/>\n\t<meta property=\"og:image:type\" content=\"image\/jpeg\" \/>\n<meta name=\"twitter:card\" content=\"summary_large_image\" \/>\n<meta name=\"twitter:label1\" content=\"Dur\u00e9e de lecture estim\u00e9e\" \/>\n\t<meta name=\"twitter:data1\" content=\"1 minute\" \/>\n<script type=\"application\/ld+json\" class=\"yoast-schema-graph\">{\"@context\":\"https:\/\/schema.org\",\"@graph\":[{\"@type\":\"WebPage\",\"@id\":\"https:\/\/www.histoiredorient.com\/index.php\/product\/mini-tajine-en-ceramique-artisanale\/\",\"url\":\"https:\/\/www.histoiredorient.com\/index.php\/product\/mini-tajine-en-ceramique-artisanale\/\",\"name\":\"Mini tajine en c\u00e9ramique artisanale - Histoire d&#039;Orient | \u00c9picerie Fine &amp; Artisanat Oriental d&#039;Excellence\",\"isPartOf\":{\"@id\":\"https:\/\/www.histoiredorient.com\/#website\"},\"primaryImageOfPage\":{\"@id\":\"https:\/\/www.histoiredorient.com\/index.php\/product\/mini-tajine-en-ceramique-artisanale\/#primaryimage\"},\"image\":{\"@id\":\"https:\/\/www.histoiredorient.com\/index.php\/product\/mini-tajine-en-ceramique-artisanale\/#primaryimage\"},\"thumbnailUrl\":\"https:\/\/www.histoiredorient.com\/wp-content\/uploads\/2026\/02\/IMG_2681-scaled.jpeg\",\"datePublished\":\"2026-02-10T13:02:29+00:00\",\"breadcrumb\":{\"@id\":\"https:\/\/www.histoiredorient.com\/index.php\/product\/mini-tajine-en-ceramique-artisanale\/#breadcrumb\"},\"inLanguage\":\"fr-FR\",\"potentialAction\":[{\"@type\":\"ReadAction\",\"target\":[\"https:\/\/www.histoiredorient.com\/index.php\/product\/mini-tajine-en-ceramique-artisanale\/\"]}]},{\"@type\":\"ImageObject\",\"inLanguage\":\"fr-FR\",\"@id\":\"https:\/\/www.histoiredorient.com\/index.php\/product\/mini-tajine-en-ceramique-artisanale\/#primaryimage\",\"url\":\"https:\/\/www.histoiredorient.com\/wp-content\/uploads\/2026\/02\/IMG_2681-scaled.jpeg\",\"contentUrl\":\"https:\/\/www.histoiredorient.com\/wp-content\/uploads\/2026\/02\/IMG_2681-scaled.jpeg\",\"width\":1920,\"height\":2560},{\"@type\":\"BreadcrumbList\",\"@id\":\"https:\/\/www.histoiredorient.com\/index.php\/product\/mini-tajine-en-ceramique-artisanale\/#breadcrumb\",\"itemListElement\":[{\"@type\":\"ListItem\",\"position\":1,\"name\":\"Accueil\",\"item\":\"https:\/\/www.histoiredorient.com\/\"},{\"@type\":\"ListItem\",\"position\":2,\"name\":\"Nos Produits\",\"item\":\"https:\/\/www.histoiredorient.com\/index.php\/products\/\"},{\"@type\":\"ListItem\",\"position\":3,\"name\":\"Mini tajine en c\u00e9ramique artisanale\"}]},{\"@type\":\"WebSite\",\"@id\":\"https:\/\/www.histoiredorient.com\/#website\",\"url\":\"https:\/\/www.histoiredorient.com\/\",\"name\":\"Histoire d'Orient\",\"description\":\"Les saveurs et l\u2019art de vivre de l\u2019Orient chez vous.\",\"publisher\":{\"@id\":\"https:\/\/www.histoiredorient.com\/#organization\"},\"potentialAction\":[{\"@type\":\"SearchAction\",\"target\":{\"@type\":\"EntryPoint\",\"urlTemplate\":\"https:\/\/www.histoiredorient.com\/?s={search_term_string}\"},\"query-input\":{\"@type\":\"PropertyValueSpecification\",\"valueRequired\":true,\"valueName\":\"search_term_string\"}}],\"inLanguage\":\"fr-FR\"},{\"@type\":\"Organization\",\"@id\":\"https:\/\/www.histoiredorient.com\/#organization\",\"name\":\"Histoire d'Orient\",\"url\":\"https:\/\/www.histoiredorient.com\/\",\"logo\":{\"@type\":\"ImageObject\",\"inLanguage\":\"fr-FR\",\"@id\":\"https:\/\/www.histoiredorient.com\/#\/schema\/logo\/image\/\",\"url\":\"https:\/\/www.histoiredorient.com\/wp-content\/uploads\/2025\/12\/logo.png\",\"contentUrl\":\"https:\/\/www.histoiredorient.com\/wp-content\/uploads\/2025\/12\/logo.png\",\"width\":1536,\"height\":1024,\"caption\":\"Histoire d'Orient\"},\"image\":{\"@id\":\"https:\/\/www.histoiredorient.com\/#\/schema\/logo\/image\/\"}}]}<\/script>\n<!-- \/ Yoast SEO plugin. -->","yoast_head_json":{"title":"Mini tajine en c\u00e9ramique artisanale - Histoire d&#039;Orient | \u00c9picerie Fine &amp; Artisanat Oriental d&#039;Excellence","robots":{"index":"index","follow":"follow","max-snippet":"max-snippet:-1","max-image-preview":"max-image-preview:large","max-video-preview":"max-video-preview:-1"},"canonical":"https:\/\/www.histoiredorient.com\/index.php\/product\/mini-tajine-en-ceramique-artisanale\/","og_locale":"fr_FR","og_type":"article","og_title":"Mini tajine en c\u00e9ramique artisanale - Histoire d&#039;Orient | \u00c9picerie Fine &amp; Artisanat Oriental d&#039;Excellence","og_description":"Mini tajine de pr\u00e9sentation (Taille : petite)","og_url":"https:\/\/www.histoiredorient.com\/index.php\/product\/mini-tajine-en-ceramique-artisanale\/","og_site_name":"Histoire d&#039;Orient | \u00c9picerie Fine &amp; Artisanat Oriental d&#039;Excellence","og_image":[{"width":1920,"height":2560,"url":"https:\/\/www.histoiredorient.com\/wp-content\/uploads\/2026\/02\/IMG_2681-scaled.jpeg","type":"image\/jpeg"}],"twitter_card":"summary_large_image","twitter_misc":{"Dur\u00e9e de lecture estim\u00e9e":"1 minute"},"schema":{"@context":"https:\/\/schema.org","@graph":[{"@type":"WebPage","@id":"https:\/\/www.histoiredorient.com\/index.php\/product\/mini-tajine-en-ceramique-artisanale\/","url":"https:\/\/www.histoiredorient.com\/index.php\/product\/mini-tajine-en-ceramique-artisanale\/","name":"Mini tajine en c\u00e9ramique artisanale - Histoire d&#039;Orient | \u00c9picerie Fine &amp; Artisanat Oriental d&#039;Excellence","isPartOf":{"@id":"https:\/\/www.histoiredorient.com\/#website"},"primaryImageOfPage":{"@id":"https:\/\/www.histoiredorient.com\/index.php\/product\/mini-tajine-en-ceramique-artisanale\/#primaryimage"},"image":{"@id":"https:\/\/www.histoiredorient.com\/index.php\/product\/mini-tajine-en-ceramique-artisanale\/#primaryimage"},"thumbnailUrl":"https:\/\/www.histoiredorient.com\/wp-content\/uploads\/2026\/02\/IMG_2681-scaled.jpeg","datePublished":"2026-02-10T13:02:29+00:00","breadcrumb":{"@id":"https:\/\/www.histoiredorient.com\/index.php\/product\/mini-tajine-en-ceramique-artisanale\/#breadcrumb"},"inLanguage":"fr-FR","potentialAction":[{"@type":"ReadAction","target":["https:\/\/www.histoiredorient.com\/index.php\/product\/mini-tajine-en-ceramique-artisanale\/"]}]},{"@type":"ImageObject","inLanguage":"fr-FR","@id":"https:\/\/www.histoiredorient.com\/index.php\/product\/mini-tajine-en-ceramique-artisanale\/#primaryimage","url":"https:\/\/www.histoiredorient.com\/wp-content\/uploads\/2026\/02\/IMG_2681-scaled.jpeg","contentUrl":"https:\/\/www.histoiredorient.com\/wp-content\/uploads\/2026\/02\/IMG_2681-scaled.jpeg","width":1920,"height":2560},{"@type":"BreadcrumbList","@id":"https:\/\/www.histoiredorient.com\/index.php\/product\/mini-tajine-en-ceramique-artisanale\/#breadcrumb","itemListElement":[{"@type":"ListItem","position":1,"name":"Accueil","item":"https:\/\/www.histoiredorient.com\/"},{"@type":"ListItem","position":2,"name":"Nos Produits","item":"https:\/\/www.histoiredorient.com\/index.php\/products\/"},{"@type":"ListItem","position":3,"name":"Mini tajine en c\u00e9ramique artisanale"}]},{"@type":"WebSite","@id":"https:\/\/www.histoiredorient.com\/#website","url":"https:\/\/www.histoiredorient.com\/","name":"Histoire d'Orient","description":"Les saveurs et l\u2019art de vivre de l\u2019Orient chez vous.","publisher":{"@id":"https:\/\/www.histoiredorient.com\/#organization"},"potentialAction":[{"@type":"SearchAction","target":{"@type":"EntryPoint","urlTemplate":"https:\/\/www.histoiredorient.com\/?s={search_term_string}"},"query-input":{"@type":"PropertyValueSpecification","valueRequired":true,"valueName":"search_term_string"}}],"inLanguage":"fr-FR"},{"@type":"Organization","@id":"https:\/\/www.histoiredorient.com\/#organization","name":"Histoire d'Orient","url":"https:\/\/www.histoiredorient.com\/","logo":{"@type":"ImageObject","inLanguage":"fr-FR","@id":"https:\/\/www.histoiredorient.com\/#\/schema\/logo\/image\/","url":"https:\/\/www.histoiredorient.com\/wp-content\/uploads\/2025\/12\/logo.png","contentUrl":"https:\/\/www.histoiredorient.com\/wp-content\/uploads\/2025\/12\/logo.png","width":1536,"height":1024,"caption":"Histoire d'Orient"},"image":{"@id":"https:\/\/www.histoiredorient.com\/#\/schema\/logo\/image\/"}}]}},"_links":{"self":[{"href":"https:\/\/www.histoiredorient.com\/index.php\/wp-json\/wp\/v2\/product\/1496","targetHints":{"allow":["GET"]}}],"collection":[{"href":"https:\/\/www.histoiredorient.com\/index.php\/wp-json\/wp\/v2\/product"}],"about":[{"href":"https:\/\/www.histoiredorient.com\/index.php\/wp-json\/wp\/v2\/types\/product"}],"replies":[{"embeddable":true,"href":"https:\/\/www.histoiredorient.com\/index.php\/wp-json\/wp\/v2\/comments?post=1496"}],"wp:featuredmedia":[{"embeddable":true,"href":"https:\/\/www.histoiredorient.com\/index.php\/wp-json\/wp\/v2\/media\/1497"}],"wp:attachment":[{"href":"https:\/\/www.histoiredorient.com\/index.php\/wp-json\/wp\/v2\/media?parent=1496"}],"wp:term":[{"taxonomy":"product_brand","embeddable":true,"href":"https:\/\/www.histoiredorient.com\/index.php\/wp-json\/wp\/v2\/product_brand?post=1496"},{"taxonomy":"product_cat","embeddable":true,"href":"https:\/\/www.histoiredorient.com\/index.php\/wp-json\/wp\/v2\/product_cat?post=1496"},{"taxonomy":"product_tag","embeddable":true,"href":"https:\/\/www.histoiredorient.com\/index.php\/wp-json\/wp\/v2\/product_tag?post=1496"}],"curies":[{"name":"wp","href":"https:\/\/api.w.org\/{rel}","templated":true}]}}