{"id":1489,"date":"2026-02-10T10:15:53","date_gmt":"2026-02-10T10:15:53","guid":{"rendered":"https:\/\/www.histoiredorient.com\/?post_type=product&#038;p=1489"},"modified":"2026-03-03T10:07:37","modified_gmt":"2026-03-03T10:07:37","slug":"bouteille-dhuile-en-ceramique-tunisienne-faite-main","status":"publish","type":"product","link":"https:\/\/www.histoiredorient.com\/index.php\/product\/bouteille-dhuile-en-ceramique-tunisienne-faite-main\/","title":{"rendered":"Bouteille d&#8217;huile en c\u00e9ramique tunisienne faite main"},"content":{"rendered":"<p>Apportez une touche d\u2019authenticit\u00e9 et d\u2019\u00e9l\u00e9gance \u00e0 votre table avec cette <strong data-start=\"351\" data-end=\"388\">bouteille artisanale en c\u00e9ramique<\/strong>, enti\u00e8rement d\u00e9cor\u00e9e de <strong data-start=\"413\" data-end=\"467\">motifs traditionnels d\u2019inspiration m\u00e9diterran\u00e9enne<\/strong>. Chaque pi\u00e8ce est r\u00e9alis\u00e9e avec soin, mettant en valeur un travail artisanal minutieux et un design unique.<\/p>\n<p data-start=\"831\" data-end=\"963\">Chaque bouteille est <strong data-start=\"852\" data-end=\"872\">vendue \u00e0 l\u2019unit\u00e9<\/strong> et pr\u00e9sente des motifs uniques, faisant de chaque pi\u00e8ce un objet d\u00e9coratif \u00e0 part enti\u00e8re.<\/p>\n<p data-start=\"965\" data-end=\"1110\"><strong data-start=\"965\" data-end=\"988\">\u2714 Produit artisanal<\/strong><br data-start=\"988\" data-end=\"991\" \/><strong data-start=\"991\" data-end=\"1024\">\u2714 C\u00e9ramique d\u00e9cor\u00e9e \u00e0 la main<\/strong><br data-start=\"1024\" data-end=\"1027\" \/><strong data-start=\"1027\" data-end=\"1077\">\u2714 Motifs uniques \u2013 chaque pi\u00e8ce est diff\u00e9rente<\/strong><br data-start=\"1077\" data-end=\"1080\" \/><strong data-start=\"1080\" data-end=\"1110\">\u2714 Bouchon en li\u00e8ge naturel<\/strong><\/p>\n","protected":false},"excerpt":{"rendered":"<p>Bouteille en c\u00e9ramique 500 ml<\/p>\n","protected":false},"featured_media":1490,"comment_status":"open","ping_status":"closed","template":"","meta":[],"product_brand":[],"product_cat":[21,32],"product_tag":[],"class_list":{"0":"post-1489","1":"product","2":"type-product","3":"status-publish","4":"has-post-thumbnail","6":"product_cat-decor","7":"product_cat-art-de-table","8":"product_shipping_class-lege","10":"first","11":"outofstock","12":"taxable","13":"shipping-taxable","14":"purchasable","15":"product-type-variable"},"yoast_head":"<!-- This site is optimized with the Yoast SEO plugin v27.0 - https:\/\/yoast.com\/product\/yoast-seo-wordpress\/ -->\n<title>Bouteille d&#039;huile en c\u00e9ramique tunisienne faite main - Histoire d&#039;Orient | \u00c9picerie Fine &amp; Artisanat Oriental d&#039;Excellence<\/title>\n<meta name=\"robots\" content=\"index, follow, max-snippet:-1, max-image-preview:large, max-video-preview:-1\" \/>\n<link rel=\"canonical\" href=\"https:\/\/www.histoiredorient.com\/index.php\/product\/bouteille-dhuile-en-ceramique-tunisienne-faite-main\/\" \/>\n<meta property=\"og:locale\" content=\"fr_FR\" \/>\n<meta property=\"og:type\" content=\"article\" \/>\n<meta property=\"og:title\" content=\"Bouteille d&#039;huile en c\u00e9ramique tunisienne faite main - Histoire d&#039;Orient | \u00c9picerie Fine &amp; Artisanat Oriental d&#039;Excellence\" \/>\n<meta property=\"og:description\" content=\"Bouteille en c\u00e9ramique 500 ml\" \/>\n<meta property=\"og:url\" content=\"https:\/\/www.histoiredorient.com\/index.php\/product\/bouteille-dhuile-en-ceramique-tunisienne-faite-main\/\" \/>\n<meta property=\"og:site_name\" content=\"Histoire d&#039;Orient | \u00c9picerie Fine &amp; Artisanat Oriental d&#039;Excellence\" \/>\n<meta property=\"article:modified_time\" content=\"2026-03-03T10:07:37+00:00\" \/>\n<meta property=\"og:image\" content=\"https:\/\/www.histoiredorient.com\/wp-content\/uploads\/2026\/02\/3-bouteil-ensemble-.jpg\" \/>\n\t<meta property=\"og:image:width\" content=\"1536\" \/>\n\t<meta property=\"og:image:height\" content=\"2048\" \/>\n\t<meta property=\"og:image:type\" content=\"image\/jpeg\" \/>\n<meta name=\"twitter:card\" content=\"summary_large_image\" \/>\n<meta name=\"twitter:label1\" content=\"Dur\u00e9e de lecture estim\u00e9e\" \/>\n\t<meta name=\"twitter:data1\" content=\"1 minute\" \/>\n<script type=\"application\/ld+json\" class=\"yoast-schema-graph\">{\"@context\":\"https:\/\/schema.org\",\"@graph\":[{\"@type\":\"WebPage\",\"@id\":\"https:\/\/www.histoiredorient.com\/index.php\/product\/bouteille-dhuile-en-ceramique-tunisienne-faite-main\/\",\"url\":\"https:\/\/www.histoiredorient.com\/index.php\/product\/bouteille-dhuile-en-ceramique-tunisienne-faite-main\/\",\"name\":\"Bouteille d'huile en c\u00e9ramique tunisienne faite main - Histoire d&#039;Orient | \u00c9picerie Fine &amp; Artisanat Oriental d&#039;Excellence\",\"isPartOf\":{\"@id\":\"https:\/\/www.histoiredorient.com\/#website\"},\"primaryImageOfPage\":{\"@id\":\"https:\/\/www.histoiredorient.com\/index.php\/product\/bouteille-dhuile-en-ceramique-tunisienne-faite-main\/#primaryimage\"},\"image\":{\"@id\":\"https:\/\/www.histoiredorient.com\/index.php\/product\/bouteille-dhuile-en-ceramique-tunisienne-faite-main\/#primaryimage\"},\"thumbnailUrl\":\"https:\/\/www.histoiredorient.com\/wp-content\/uploads\/2026\/02\/3-bouteil-ensemble-.jpg\",\"datePublished\":\"2026-02-10T10:15:53+00:00\",\"dateModified\":\"2026-03-03T10:07:37+00:00\",\"breadcrumb\":{\"@id\":\"https:\/\/www.histoiredorient.com\/index.php\/product\/bouteille-dhuile-en-ceramique-tunisienne-faite-main\/#breadcrumb\"},\"inLanguage\":\"fr-FR\",\"potentialAction\":[{\"@type\":\"ReadAction\",\"target\":[\"https:\/\/www.histoiredorient.com\/index.php\/product\/bouteille-dhuile-en-ceramique-tunisienne-faite-main\/\"]}]},{\"@type\":\"ImageObject\",\"inLanguage\":\"fr-FR\",\"@id\":\"https:\/\/www.histoiredorient.com\/index.php\/product\/bouteille-dhuile-en-ceramique-tunisienne-faite-main\/#primaryimage\",\"url\":\"https:\/\/www.histoiredorient.com\/wp-content\/uploads\/2026\/02\/3-bouteil-ensemble-.jpg\",\"contentUrl\":\"https:\/\/www.histoiredorient.com\/wp-content\/uploads\/2026\/02\/3-bouteil-ensemble-.jpg\",\"width\":1536,\"height\":2048},{\"@type\":\"BreadcrumbList\",\"@id\":\"https:\/\/www.histoiredorient.com\/index.php\/product\/bouteille-dhuile-en-ceramique-tunisienne-faite-main\/#breadcrumb\",\"itemListElement\":[{\"@type\":\"ListItem\",\"position\":1,\"name\":\"Accueil\",\"item\":\"https:\/\/www.histoiredorient.com\/\"},{\"@type\":\"ListItem\",\"position\":2,\"name\":\"Nos Produits\",\"item\":\"https:\/\/www.histoiredorient.com\/index.php\/products\/\"},{\"@type\":\"ListItem\",\"position\":3,\"name\":\"Bouteille d&#8217;huile en c\u00e9ramique tunisienne faite main\"}]},{\"@type\":\"WebSite\",\"@id\":\"https:\/\/www.histoiredorient.com\/#website\",\"url\":\"https:\/\/www.histoiredorient.com\/\",\"name\":\"Histoire d'Orient\",\"description\":\"Les saveurs et l\u2019art de vivre de l\u2019Orient chez vous.\",\"publisher\":{\"@id\":\"https:\/\/www.histoiredorient.com\/#organization\"},\"potentialAction\":[{\"@type\":\"SearchAction\",\"target\":{\"@type\":\"EntryPoint\",\"urlTemplate\":\"https:\/\/www.histoiredorient.com\/?s={search_term_string}\"},\"query-input\":{\"@type\":\"PropertyValueSpecification\",\"valueRequired\":true,\"valueName\":\"search_term_string\"}}],\"inLanguage\":\"fr-FR\"},{\"@type\":\"Organization\",\"@id\":\"https:\/\/www.histoiredorient.com\/#organization\",\"name\":\"Histoire d'Orient\",\"url\":\"https:\/\/www.histoiredorient.com\/\",\"logo\":{\"@type\":\"ImageObject\",\"inLanguage\":\"fr-FR\",\"@id\":\"https:\/\/www.histoiredorient.com\/#\/schema\/logo\/image\/\",\"url\":\"https:\/\/www.histoiredorient.com\/wp-content\/uploads\/2025\/12\/logo.png\",\"contentUrl\":\"https:\/\/www.histoiredorient.com\/wp-content\/uploads\/2025\/12\/logo.png\",\"width\":1536,\"height\":1024,\"caption\":\"Histoire d'Orient\"},\"image\":{\"@id\":\"https:\/\/www.histoiredorient.com\/#\/schema\/logo\/image\/\"}}]}<\/script>\n<!-- \/ Yoast SEO plugin. -->","yoast_head_json":{"title":"Bouteille d'huile en c\u00e9ramique tunisienne faite main - Histoire d&#039;Orient | \u00c9picerie Fine &amp; Artisanat Oriental d&#039;Excellence","robots":{"index":"index","follow":"follow","max-snippet":"max-snippet:-1","max-image-preview":"max-image-preview:large","max-video-preview":"max-video-preview:-1"},"canonical":"https:\/\/www.histoiredorient.com\/index.php\/product\/bouteille-dhuile-en-ceramique-tunisienne-faite-main\/","og_locale":"fr_FR","og_type":"article","og_title":"Bouteille d'huile en c\u00e9ramique tunisienne faite main - Histoire d&#039;Orient | \u00c9picerie Fine &amp; Artisanat Oriental d&#039;Excellence","og_description":"Bouteille en c\u00e9ramique 500 ml","og_url":"https:\/\/www.histoiredorient.com\/index.php\/product\/bouteille-dhuile-en-ceramique-tunisienne-faite-main\/","og_site_name":"Histoire d&#039;Orient | \u00c9picerie Fine &amp; Artisanat Oriental d&#039;Excellence","article_modified_time":"2026-03-03T10:07:37+00:00","og_image":[{"width":1536,"height":2048,"url":"https:\/\/www.histoiredorient.com\/wp-content\/uploads\/2026\/02\/3-bouteil-ensemble-.jpg","type":"image\/jpeg"}],"twitter_card":"summary_large_image","twitter_misc":{"Dur\u00e9e de lecture estim\u00e9e":"1 minute"},"schema":{"@context":"https:\/\/schema.org","@graph":[{"@type":"WebPage","@id":"https:\/\/www.histoiredorient.com\/index.php\/product\/bouteille-dhuile-en-ceramique-tunisienne-faite-main\/","url":"https:\/\/www.histoiredorient.com\/index.php\/product\/bouteille-dhuile-en-ceramique-tunisienne-faite-main\/","name":"Bouteille d'huile en c\u00e9ramique tunisienne faite main - Histoire d&#039;Orient | \u00c9picerie Fine &amp; Artisanat Oriental d&#039;Excellence","isPartOf":{"@id":"https:\/\/www.histoiredorient.com\/#website"},"primaryImageOfPage":{"@id":"https:\/\/www.histoiredorient.com\/index.php\/product\/bouteille-dhuile-en-ceramique-tunisienne-faite-main\/#primaryimage"},"image":{"@id":"https:\/\/www.histoiredorient.com\/index.php\/product\/bouteille-dhuile-en-ceramique-tunisienne-faite-main\/#primaryimage"},"thumbnailUrl":"https:\/\/www.histoiredorient.com\/wp-content\/uploads\/2026\/02\/3-bouteil-ensemble-.jpg","datePublished":"2026-02-10T10:15:53+00:00","dateModified":"2026-03-03T10:07:37+00:00","breadcrumb":{"@id":"https:\/\/www.histoiredorient.com\/index.php\/product\/bouteille-dhuile-en-ceramique-tunisienne-faite-main\/#breadcrumb"},"inLanguage":"fr-FR","potentialAction":[{"@type":"ReadAction","target":["https:\/\/www.histoiredorient.com\/index.php\/product\/bouteille-dhuile-en-ceramique-tunisienne-faite-main\/"]}]},{"@type":"ImageObject","inLanguage":"fr-FR","@id":"https:\/\/www.histoiredorient.com\/index.php\/product\/bouteille-dhuile-en-ceramique-tunisienne-faite-main\/#primaryimage","url":"https:\/\/www.histoiredorient.com\/wp-content\/uploads\/2026\/02\/3-bouteil-ensemble-.jpg","contentUrl":"https:\/\/www.histoiredorient.com\/wp-content\/uploads\/2026\/02\/3-bouteil-ensemble-.jpg","width":1536,"height":2048},{"@type":"BreadcrumbList","@id":"https:\/\/www.histoiredorient.com\/index.php\/product\/bouteille-dhuile-en-ceramique-tunisienne-faite-main\/#breadcrumb","itemListElement":[{"@type":"ListItem","position":1,"name":"Accueil","item":"https:\/\/www.histoiredorient.com\/"},{"@type":"ListItem","position":2,"name":"Nos Produits","item":"https:\/\/www.histoiredorient.com\/index.php\/products\/"},{"@type":"ListItem","position":3,"name":"Bouteille d&#8217;huile en c\u00e9ramique tunisienne faite main"}]},{"@type":"WebSite","@id":"https:\/\/www.histoiredorient.com\/#website","url":"https:\/\/www.histoiredorient.com\/","name":"Histoire d'Orient","description":"Les saveurs et l\u2019art de vivre de l\u2019Orient chez vous.","publisher":{"@id":"https:\/\/www.histoiredorient.com\/#organization"},"potentialAction":[{"@type":"SearchAction","target":{"@type":"EntryPoint","urlTemplate":"https:\/\/www.histoiredorient.com\/?s={search_term_string}"},"query-input":{"@type":"PropertyValueSpecification","valueRequired":true,"valueName":"search_term_string"}}],"inLanguage":"fr-FR"},{"@type":"Organization","@id":"https:\/\/www.histoiredorient.com\/#organization","name":"Histoire d'Orient","url":"https:\/\/www.histoiredorient.com\/","logo":{"@type":"ImageObject","inLanguage":"fr-FR","@id":"https:\/\/www.histoiredorient.com\/#\/schema\/logo\/image\/","url":"https:\/\/www.histoiredorient.com\/wp-content\/uploads\/2025\/12\/logo.png","contentUrl":"https:\/\/www.histoiredorient.com\/wp-content\/uploads\/2025\/12\/logo.png","width":1536,"height":1024,"caption":"Histoire d'Orient"},"image":{"@id":"https:\/\/www.histoiredorient.com\/#\/schema\/logo\/image\/"}}]}},"_links":{"self":[{"href":"https:\/\/www.histoiredorient.com\/index.php\/wp-json\/wp\/v2\/product\/1489","targetHints":{"allow":["GET"]}}],"collection":[{"href":"https:\/\/www.histoiredorient.com\/index.php\/wp-json\/wp\/v2\/product"}],"about":[{"href":"https:\/\/www.histoiredorient.com\/index.php\/wp-json\/wp\/v2\/types\/product"}],"replies":[{"embeddable":true,"href":"https:\/\/www.histoiredorient.com\/index.php\/wp-json\/wp\/v2\/comments?post=1489"}],"wp:featuredmedia":[{"embeddable":true,"href":"https:\/\/www.histoiredorient.com\/index.php\/wp-json\/wp\/v2\/media\/1490"}],"wp:attachment":[{"href":"https:\/\/www.histoiredorient.com\/index.php\/wp-json\/wp\/v2\/media?parent=1489"}],"wp:term":[{"taxonomy":"product_brand","embeddable":true,"href":"https:\/\/www.histoiredorient.com\/index.php\/wp-json\/wp\/v2\/product_brand?post=1489"},{"taxonomy":"product_cat","embeddable":true,"href":"https:\/\/www.histoiredorient.com\/index.php\/wp-json\/wp\/v2\/product_cat?post=1489"},{"taxonomy":"product_tag","embeddable":true,"href":"https:\/\/www.histoiredorient.com\/index.php\/wp-json\/wp\/v2\/product_tag?post=1489"}],"curies":[{"name":"wp","href":"https:\/\/api.w.org\/{rel}","templated":true}]}}