{"id":1463,"date":"2026-02-04T11:07:06","date_gmt":"2026-02-04T11:07:06","guid":{"rendered":"https:\/\/www.histoiredorient.com\/?post_type=product&#038;p=1463"},"modified":"2026-02-11T23:01:16","modified_gmt":"2026-02-11T23:01:16","slug":"coffret-huile-dolive-extra-vierge-oleum-blanc-recolte-precoce-500-ml","status":"publish","type":"product","link":"https:\/\/www.histoiredorient.com\/index.php\/product\/coffret-huile-dolive-extra-vierge-oleum-blanc-recolte-precoce-500-ml\/","title":{"rendered":"Coffret Oleum &#8211; Huile d&#8217;Olive Extra Vierge Trozza (500ml)"},"content":{"rendered":"<p>D\u00e9couvrez l\u2019essence de la perfection avec notre Huile d\u2019Olive Extra Vierge Biologique R\u00e9colte Pr\u00e9coce. Provenant des vergers abondants d\u2019Oueslatia, nich\u00e9s au c\u0153ur de la Tunisie, cette huile exceptionnelle tire son nom, Oueslati, de la vari\u00e9t\u00e9 r\u00e9pandue qui prosp\u00e8re dans cette r\u00e9gion. En t\u00e9moignage de son importance, elle est \u00e9galement connue sous le nom d\u2019El-guim, symbolisant son r\u00f4le en tant que porte-greffe estim\u00e9 pour les oliviers sauvages de la r\u00e9gion.<\/p>\n","protected":false},"excerpt":{"rendered":"<p>Coffret 500 ml, r\u00e9colte pr\u00e9coce.<\/p>\n","protected":false},"featured_media":1468,"comment_status":"open","ping_status":"closed","template":"","meta":[],"product_brand":[],"product_cat":[34,33],"product_tag":[],"class_list":{"0":"post-1463","1":"product","2":"type-product","3":"status-publish","4":"has-post-thumbnail","6":"product_cat-coffrets-huile-dolive","7":"product_cat-delices-du-pays","8":"product_shipping_class-lege","10":"first","11":"instock","12":"featured","13":"taxable","14":"shipping-taxable","15":"purchasable","16":"product-type-simple"},"yoast_head":"<!-- This site is optimized with the Yoast SEO plugin v27.0 - https:\/\/yoast.com\/product\/yoast-seo-wordpress\/ -->\n<title>Huile d&#039;Olive Extra Vierge Histoire d&#039;Orient | \u00c9picerie Fine &amp; Artisanat Oriental d&#039;Excellence<\/title>\n<meta name=\"description\" content=\"Huile d&#039;Olive Extra Vierge Histoire d&#039;Orient | \u00c9picerie Fine &amp; Artisanat Oriental d&#039;Excellence Coffret Oleum - Huile d&#039;Olive Extra Vierge Trozza (500ml)\" \/>\n<meta name=\"robots\" content=\"index, follow, max-snippet:-1, max-image-preview:large, max-video-preview:-1\" \/>\n<link rel=\"canonical\" href=\"https:\/\/www.histoiredorient.com\/index.php\/product\/coffret-huile-dolive-extra-vierge-oleum-blanc-recolte-precoce-500-ml\/\" \/>\n<meta property=\"og:locale\" content=\"fr_FR\" \/>\n<meta property=\"og:type\" content=\"article\" \/>\n<meta property=\"og:title\" content=\"Huile d&#039;Olive Extra Vierge Histoire d&#039;Orient | \u00c9picerie Fine &amp; Artisanat Oriental d&#039;Excellence\" \/>\n<meta property=\"og:description\" content=\"Huile d&#039;Olive Extra Vierge Histoire d&#039;Orient | \u00c9picerie Fine &amp; Artisanat Oriental d&#039;Excellence Coffret Oleum - Huile d&#039;Olive Extra Vierge Trozza (500ml)\" \/>\n<meta property=\"og:url\" content=\"https:\/\/www.histoiredorient.com\/index.php\/product\/coffret-huile-dolive-extra-vierge-oleum-blanc-recolte-precoce-500-ml\/\" \/>\n<meta property=\"og:site_name\" content=\"Histoire d&#039;Orient | \u00c9picerie Fine &amp; Artisanat Oriental d&#039;Excellence\" \/>\n<meta property=\"article:modified_time\" content=\"2026-02-11T23:01:16+00:00\" \/>\n<meta property=\"og:image\" content=\"https:\/\/www.histoiredorient.com\/wp-content\/uploads\/2026\/02\/Coffret-blanc-2.png\" \/>\n\t<meta property=\"og:image:width\" content=\"1024\" \/>\n\t<meta property=\"og:image:height\" content=\"1536\" \/>\n\t<meta property=\"og:image:type\" content=\"image\/png\" \/>\n<meta name=\"twitter:card\" content=\"summary_large_image\" \/>\n<meta name=\"twitter:label1\" content=\"Dur\u00e9e de lecture estim\u00e9e\" \/>\n\t<meta name=\"twitter:data1\" content=\"1 minute\" \/>\n<script type=\"application\/ld+json\" class=\"yoast-schema-graph\">{\"@context\":\"https:\/\/schema.org\",\"@graph\":[{\"@type\":\"WebPage\",\"@id\":\"https:\/\/www.histoiredorient.com\/index.php\/product\/coffret-huile-dolive-extra-vierge-oleum-blanc-recolte-precoce-500-ml\/\",\"url\":\"https:\/\/www.histoiredorient.com\/index.php\/product\/coffret-huile-dolive-extra-vierge-oleum-blanc-recolte-precoce-500-ml\/\",\"name\":\"Huile d'Olive Extra Vierge Histoire d&#039;Orient | \u00c9picerie Fine &amp; Artisanat Oriental d&#039;Excellence\",\"isPartOf\":{\"@id\":\"https:\/\/www.histoiredorient.com\/#website\"},\"primaryImageOfPage\":{\"@id\":\"https:\/\/www.histoiredorient.com\/index.php\/product\/coffret-huile-dolive-extra-vierge-oleum-blanc-recolte-precoce-500-ml\/#primaryimage\"},\"image\":{\"@id\":\"https:\/\/www.histoiredorient.com\/index.php\/product\/coffret-huile-dolive-extra-vierge-oleum-blanc-recolte-precoce-500-ml\/#primaryimage\"},\"thumbnailUrl\":\"https:\/\/www.histoiredorient.com\/wp-content\/uploads\/2026\/02\/Coffret-blanc-2.png\",\"datePublished\":\"2026-02-04T11:07:06+00:00\",\"dateModified\":\"2026-02-11T23:01:16+00:00\",\"description\":\"Huile d'Olive Extra Vierge Histoire d&#039;Orient | \u00c9picerie Fine &amp; Artisanat Oriental d&#039;Excellence Coffret Oleum - Huile d'Olive Extra Vierge Trozza (500ml)\",\"breadcrumb\":{\"@id\":\"https:\/\/www.histoiredorient.com\/index.php\/product\/coffret-huile-dolive-extra-vierge-oleum-blanc-recolte-precoce-500-ml\/#breadcrumb\"},\"inLanguage\":\"fr-FR\",\"potentialAction\":[{\"@type\":\"ReadAction\",\"target\":[\"https:\/\/www.histoiredorient.com\/index.php\/product\/coffret-huile-dolive-extra-vierge-oleum-blanc-recolte-precoce-500-ml\/\"]}]},{\"@type\":\"ImageObject\",\"inLanguage\":\"fr-FR\",\"@id\":\"https:\/\/www.histoiredorient.com\/index.php\/product\/coffret-huile-dolive-extra-vierge-oleum-blanc-recolte-precoce-500-ml\/#primaryimage\",\"url\":\"https:\/\/www.histoiredorient.com\/wp-content\/uploads\/2026\/02\/Coffret-blanc-2.png\",\"contentUrl\":\"https:\/\/www.histoiredorient.com\/wp-content\/uploads\/2026\/02\/Coffret-blanc-2.png\",\"width\":1024,\"height\":1536},{\"@type\":\"BreadcrumbList\",\"@id\":\"https:\/\/www.histoiredorient.com\/index.php\/product\/coffret-huile-dolive-extra-vierge-oleum-blanc-recolte-precoce-500-ml\/#breadcrumb\",\"itemListElement\":[{\"@type\":\"ListItem\",\"position\":1,\"name\":\"Accueil\",\"item\":\"https:\/\/www.histoiredorient.com\/\"},{\"@type\":\"ListItem\",\"position\":2,\"name\":\"Nos Produits\",\"item\":\"https:\/\/www.histoiredorient.com\/index.php\/products\/\"},{\"@type\":\"ListItem\",\"position\":3,\"name\":\"Coffret Oleum &#8211; Huile d&rsquo;Olive Extra Vierge Trozza (500ml)\"}]},{\"@type\":\"WebSite\",\"@id\":\"https:\/\/www.histoiredorient.com\/#website\",\"url\":\"https:\/\/www.histoiredorient.com\/\",\"name\":\"Histoire d'Orient\",\"description\":\"Les saveurs et l\u2019art de vivre de l\u2019Orient chez vous.\",\"publisher\":{\"@id\":\"https:\/\/www.histoiredorient.com\/#organization\"},\"potentialAction\":[{\"@type\":\"SearchAction\",\"target\":{\"@type\":\"EntryPoint\",\"urlTemplate\":\"https:\/\/www.histoiredorient.com\/?s={search_term_string}\"},\"query-input\":{\"@type\":\"PropertyValueSpecification\",\"valueRequired\":true,\"valueName\":\"search_term_string\"}}],\"inLanguage\":\"fr-FR\"},{\"@type\":\"Organization\",\"@id\":\"https:\/\/www.histoiredorient.com\/#organization\",\"name\":\"Histoire d'Orient\",\"url\":\"https:\/\/www.histoiredorient.com\/\",\"logo\":{\"@type\":\"ImageObject\",\"inLanguage\":\"fr-FR\",\"@id\":\"https:\/\/www.histoiredorient.com\/#\/schema\/logo\/image\/\",\"url\":\"https:\/\/www.histoiredorient.com\/wp-content\/uploads\/2025\/12\/logo.png\",\"contentUrl\":\"https:\/\/www.histoiredorient.com\/wp-content\/uploads\/2025\/12\/logo.png\",\"width\":1536,\"height\":1024,\"caption\":\"Histoire d'Orient\"},\"image\":{\"@id\":\"https:\/\/www.histoiredorient.com\/#\/schema\/logo\/image\/\"}}]}<\/script>\n<!-- \/ Yoast SEO plugin. -->","yoast_head_json":{"title":"Huile d'Olive Extra Vierge Histoire d&#039;Orient | \u00c9picerie Fine &amp; Artisanat Oriental d&#039;Excellence","description":"Huile d'Olive Extra Vierge Histoire d&#039;Orient | \u00c9picerie Fine &amp; Artisanat Oriental d&#039;Excellence Coffret Oleum - Huile d'Olive Extra Vierge Trozza (500ml)","robots":{"index":"index","follow":"follow","max-snippet":"max-snippet:-1","max-image-preview":"max-image-preview:large","max-video-preview":"max-video-preview:-1"},"canonical":"https:\/\/www.histoiredorient.com\/index.php\/product\/coffret-huile-dolive-extra-vierge-oleum-blanc-recolte-precoce-500-ml\/","og_locale":"fr_FR","og_type":"article","og_title":"Huile d'Olive Extra Vierge Histoire d&#039;Orient | \u00c9picerie Fine &amp; Artisanat Oriental d&#039;Excellence","og_description":"Huile d'Olive Extra Vierge Histoire d&#039;Orient | \u00c9picerie Fine &amp; Artisanat Oriental d&#039;Excellence Coffret Oleum - Huile d'Olive Extra Vierge Trozza (500ml)","og_url":"https:\/\/www.histoiredorient.com\/index.php\/product\/coffret-huile-dolive-extra-vierge-oleum-blanc-recolte-precoce-500-ml\/","og_site_name":"Histoire d&#039;Orient | \u00c9picerie Fine &amp; Artisanat Oriental d&#039;Excellence","article_modified_time":"2026-02-11T23:01:16+00:00","og_image":[{"width":1024,"height":1536,"url":"https:\/\/www.histoiredorient.com\/wp-content\/uploads\/2026\/02\/Coffret-blanc-2.png","type":"image\/png"}],"twitter_card":"summary_large_image","twitter_misc":{"Dur\u00e9e de lecture estim\u00e9e":"1 minute"},"schema":{"@context":"https:\/\/schema.org","@graph":[{"@type":"WebPage","@id":"https:\/\/www.histoiredorient.com\/index.php\/product\/coffret-huile-dolive-extra-vierge-oleum-blanc-recolte-precoce-500-ml\/","url":"https:\/\/www.histoiredorient.com\/index.php\/product\/coffret-huile-dolive-extra-vierge-oleum-blanc-recolte-precoce-500-ml\/","name":"Huile d'Olive Extra Vierge Histoire d&#039;Orient | \u00c9picerie Fine &amp; Artisanat Oriental d&#039;Excellence","isPartOf":{"@id":"https:\/\/www.histoiredorient.com\/#website"},"primaryImageOfPage":{"@id":"https:\/\/www.histoiredorient.com\/index.php\/product\/coffret-huile-dolive-extra-vierge-oleum-blanc-recolte-precoce-500-ml\/#primaryimage"},"image":{"@id":"https:\/\/www.histoiredorient.com\/index.php\/product\/coffret-huile-dolive-extra-vierge-oleum-blanc-recolte-precoce-500-ml\/#primaryimage"},"thumbnailUrl":"https:\/\/www.histoiredorient.com\/wp-content\/uploads\/2026\/02\/Coffret-blanc-2.png","datePublished":"2026-02-04T11:07:06+00:00","dateModified":"2026-02-11T23:01:16+00:00","description":"Huile d'Olive Extra Vierge Histoire d&#039;Orient | \u00c9picerie Fine &amp; Artisanat Oriental d&#039;Excellence Coffret Oleum - Huile d'Olive Extra Vierge Trozza (500ml)","breadcrumb":{"@id":"https:\/\/www.histoiredorient.com\/index.php\/product\/coffret-huile-dolive-extra-vierge-oleum-blanc-recolte-precoce-500-ml\/#breadcrumb"},"inLanguage":"fr-FR","potentialAction":[{"@type":"ReadAction","target":["https:\/\/www.histoiredorient.com\/index.php\/product\/coffret-huile-dolive-extra-vierge-oleum-blanc-recolte-precoce-500-ml\/"]}]},{"@type":"ImageObject","inLanguage":"fr-FR","@id":"https:\/\/www.histoiredorient.com\/index.php\/product\/coffret-huile-dolive-extra-vierge-oleum-blanc-recolte-precoce-500-ml\/#primaryimage","url":"https:\/\/www.histoiredorient.com\/wp-content\/uploads\/2026\/02\/Coffret-blanc-2.png","contentUrl":"https:\/\/www.histoiredorient.com\/wp-content\/uploads\/2026\/02\/Coffret-blanc-2.png","width":1024,"height":1536},{"@type":"BreadcrumbList","@id":"https:\/\/www.histoiredorient.com\/index.php\/product\/coffret-huile-dolive-extra-vierge-oleum-blanc-recolte-precoce-500-ml\/#breadcrumb","itemListElement":[{"@type":"ListItem","position":1,"name":"Accueil","item":"https:\/\/www.histoiredorient.com\/"},{"@type":"ListItem","position":2,"name":"Nos Produits","item":"https:\/\/www.histoiredorient.com\/index.php\/products\/"},{"@type":"ListItem","position":3,"name":"Coffret Oleum &#8211; Huile d&rsquo;Olive Extra Vierge Trozza (500ml)"}]},{"@type":"WebSite","@id":"https:\/\/www.histoiredorient.com\/#website","url":"https:\/\/www.histoiredorient.com\/","name":"Histoire d'Orient","description":"Les saveurs et l\u2019art de vivre de l\u2019Orient chez vous.","publisher":{"@id":"https:\/\/www.histoiredorient.com\/#organization"},"potentialAction":[{"@type":"SearchAction","target":{"@type":"EntryPoint","urlTemplate":"https:\/\/www.histoiredorient.com\/?s={search_term_string}"},"query-input":{"@type":"PropertyValueSpecification","valueRequired":true,"valueName":"search_term_string"}}],"inLanguage":"fr-FR"},{"@type":"Organization","@id":"https:\/\/www.histoiredorient.com\/#organization","name":"Histoire d'Orient","url":"https:\/\/www.histoiredorient.com\/","logo":{"@type":"ImageObject","inLanguage":"fr-FR","@id":"https:\/\/www.histoiredorient.com\/#\/schema\/logo\/image\/","url":"https:\/\/www.histoiredorient.com\/wp-content\/uploads\/2025\/12\/logo.png","contentUrl":"https:\/\/www.histoiredorient.com\/wp-content\/uploads\/2025\/12\/logo.png","width":1536,"height":1024,"caption":"Histoire d'Orient"},"image":{"@id":"https:\/\/www.histoiredorient.com\/#\/schema\/logo\/image\/"}}]}},"_links":{"self":[{"href":"https:\/\/www.histoiredorient.com\/index.php\/wp-json\/wp\/v2\/product\/1463","targetHints":{"allow":["GET"]}}],"collection":[{"href":"https:\/\/www.histoiredorient.com\/index.php\/wp-json\/wp\/v2\/product"}],"about":[{"href":"https:\/\/www.histoiredorient.com\/index.php\/wp-json\/wp\/v2\/types\/product"}],"replies":[{"embeddable":true,"href":"https:\/\/www.histoiredorient.com\/index.php\/wp-json\/wp\/v2\/comments?post=1463"}],"wp:featuredmedia":[{"embeddable":true,"href":"https:\/\/www.histoiredorient.com\/index.php\/wp-json\/wp\/v2\/media\/1468"}],"wp:attachment":[{"href":"https:\/\/www.histoiredorient.com\/index.php\/wp-json\/wp\/v2\/media?parent=1463"}],"wp:term":[{"taxonomy":"product_brand","embeddable":true,"href":"https:\/\/www.histoiredorient.com\/index.php\/wp-json\/wp\/v2\/product_brand?post=1463"},{"taxonomy":"product_cat","embeddable":true,"href":"https:\/\/www.histoiredorient.com\/index.php\/wp-json\/wp\/v2\/product_cat?post=1463"},{"taxonomy":"product_tag","embeddable":true,"href":"https:\/\/www.histoiredorient.com\/index.php\/wp-json\/wp\/v2\/product_tag?post=1463"}],"curies":[{"name":"wp","href":"https:\/\/api.w.org\/{rel}","templated":true}]}}