{"id":1416,"date":"2026-01-09T10:50:50","date_gmt":"2026-01-09T10:50:50","guid":{"rendered":"https:\/\/www.histoiredorient.com\/?post_type=product&#038;p=1416"},"modified":"2026-02-06T15:08:53","modified_gmt":"2026-02-06T15:08:53","slug":"kyufi-the-noir-a-la-bergamote-x-15-sticks","status":"publish","type":"product","link":"https:\/\/www.histoiredorient.com\/index.php\/product\/kyufi-the-noir-a-la-bergamote-x-15-sticks\/","title":{"rendered":"Kyufi th\u00e9 noir \u00e0 la bergamote x 15 Sticks"},"content":{"rendered":"<p>KYUFI, votre marque de th\u00e9 100% naturelle et gourmande, sans additif chimique, sans pesticide, sans OGM et sans ar\u00f4me ajout\u00e9, nous avons \u00e9galement fait le choix de la transparence en mati\u00e8re d\u2019\u00e9tiquetage. Nous mettons \u00e0 disposition de nos clients la liste compl\u00e8te des ingr\u00e9dients de chaque produit, afin qu\u2019ils sachent exactement ce qu\u2019ils consomment.<\/p>\n<p>Notre marque est fi\u00e8re de produire des th\u00e9s de haute qualit\u00e9 uniquement dans notre usine en Tunisie. Nous sommes passionn\u00e9s par le th\u00e9 et cela se refl\u00e8te dans chaque tasse que nous vous proposons. Nous rendons r\u00e9guli\u00e8rement visite \u00e0 notre usine pour nous assurer que tout se passe comme pr\u00e9vu et pour comprendre vraiment ce qui se passe.<\/p>\n","protected":false},"excerpt":{"rendered":"<h1 class=\"h1\">The noir instantane bergamote x 15 sticks<\/h1>\n","protected":false},"featured_media":1417,"comment_status":"open","ping_status":"closed","template":"","meta":[],"product_brand":[],"product_cat":[39,33],"product_tag":[],"class_list":{"0":"post-1416","1":"product","2":"type-product","3":"status-publish","4":"has-post-thumbnail","6":"product_cat-the-cafe","7":"product_cat-delices-du-pays","8":"product_shipping_class-lege","10":"first","11":"onbackorder","12":"taxable","13":"shipping-taxable","14":"purchasable","15":"product-type-simple"},"yoast_head":"<!-- This site is optimized with the Yoast SEO plugin v27.0 - https:\/\/yoast.com\/product\/yoast-seo-wordpress\/ -->\n<title>Kyufi th\u00e9 noir \u00e0 la bergamote x 15 Sticks - Histoire d&#039;Orient | \u00c9picerie Fine &amp; Artisanat Oriental d&#039;Excellence<\/title>\n<meta name=\"robots\" content=\"index, follow, max-snippet:-1, max-image-preview:large, max-video-preview:-1\" \/>\n<link rel=\"canonical\" href=\"https:\/\/www.histoiredorient.com\/index.php\/product\/kyufi-the-noir-a-la-bergamote-x-15-sticks\/\" \/>\n<meta property=\"og:locale\" content=\"fr_FR\" \/>\n<meta property=\"og:type\" content=\"article\" \/>\n<meta property=\"og:title\" content=\"Kyufi th\u00e9 noir \u00e0 la bergamote x 15 Sticks - Histoire d&#039;Orient | \u00c9picerie Fine &amp; Artisanat Oriental d&#039;Excellence\" \/>\n<meta property=\"og:description\" content=\"The noir instantane bergamote x 15 sticks\" \/>\n<meta property=\"og:url\" content=\"https:\/\/www.histoiredorient.com\/index.php\/product\/kyufi-the-noir-a-la-bergamote-x-15-sticks\/\" \/>\n<meta property=\"og:site_name\" content=\"Histoire d&#039;Orient | \u00c9picerie Fine &amp; Artisanat Oriental d&#039;Excellence\" \/>\n<meta property=\"article:modified_time\" content=\"2026-02-06T15:08:53+00:00\" \/>\n<meta property=\"og:image\" content=\"https:\/\/www.histoiredorient.com\/wp-content\/uploads\/2026\/01\/the-noir-instantane-bergamote.jpg\" \/>\n\t<meta property=\"og:image:width\" content=\"800\" \/>\n\t<meta property=\"og:image:height\" content=\"800\" \/>\n\t<meta property=\"og:image:type\" content=\"image\/jpeg\" \/>\n<meta name=\"twitter:card\" content=\"summary_large_image\" \/>\n<meta name=\"twitter:label1\" content=\"Dur\u00e9e de lecture estim\u00e9e\" \/>\n\t<meta name=\"twitter:data1\" content=\"1 minute\" \/>\n<script type=\"application\/ld+json\" class=\"yoast-schema-graph\">{\"@context\":\"https:\/\/schema.org\",\"@graph\":[{\"@type\":\"WebPage\",\"@id\":\"https:\/\/www.histoiredorient.com\/index.php\/product\/kyufi-the-noir-a-la-bergamote-x-15-sticks\/\",\"url\":\"https:\/\/www.histoiredorient.com\/index.php\/product\/kyufi-the-noir-a-la-bergamote-x-15-sticks\/\",\"name\":\"Kyufi th\u00e9 noir \u00e0 la bergamote x 15 Sticks - Histoire d&#039;Orient | \u00c9picerie Fine &amp; Artisanat Oriental d&#039;Excellence\",\"isPartOf\":{\"@id\":\"https:\/\/www.histoiredorient.com\/#website\"},\"primaryImageOfPage\":{\"@id\":\"https:\/\/www.histoiredorient.com\/index.php\/product\/kyufi-the-noir-a-la-bergamote-x-15-sticks\/#primaryimage\"},\"image\":{\"@id\":\"https:\/\/www.histoiredorient.com\/index.php\/product\/kyufi-the-noir-a-la-bergamote-x-15-sticks\/#primaryimage\"},\"thumbnailUrl\":\"https:\/\/www.histoiredorient.com\/wp-content\/uploads\/2026\/01\/the-noir-instantane-bergamote.jpg\",\"datePublished\":\"2026-01-09T10:50:50+00:00\",\"dateModified\":\"2026-02-06T15:08:53+00:00\",\"breadcrumb\":{\"@id\":\"https:\/\/www.histoiredorient.com\/index.php\/product\/kyufi-the-noir-a-la-bergamote-x-15-sticks\/#breadcrumb\"},\"inLanguage\":\"fr-FR\",\"potentialAction\":[{\"@type\":\"ReadAction\",\"target\":[\"https:\/\/www.histoiredorient.com\/index.php\/product\/kyufi-the-noir-a-la-bergamote-x-15-sticks\/\"]}]},{\"@type\":\"ImageObject\",\"inLanguage\":\"fr-FR\",\"@id\":\"https:\/\/www.histoiredorient.com\/index.php\/product\/kyufi-the-noir-a-la-bergamote-x-15-sticks\/#primaryimage\",\"url\":\"https:\/\/www.histoiredorient.com\/wp-content\/uploads\/2026\/01\/the-noir-instantane-bergamote.jpg\",\"contentUrl\":\"https:\/\/www.histoiredorient.com\/wp-content\/uploads\/2026\/01\/the-noir-instantane-bergamote.jpg\",\"width\":800,\"height\":800},{\"@type\":\"BreadcrumbList\",\"@id\":\"https:\/\/www.histoiredorient.com\/index.php\/product\/kyufi-the-noir-a-la-bergamote-x-15-sticks\/#breadcrumb\",\"itemListElement\":[{\"@type\":\"ListItem\",\"position\":1,\"name\":\"Accueil\",\"item\":\"https:\/\/www.histoiredorient.com\/\"},{\"@type\":\"ListItem\",\"position\":2,\"name\":\"Nos Produits\",\"item\":\"https:\/\/www.histoiredorient.com\/index.php\/products\/\"},{\"@type\":\"ListItem\",\"position\":3,\"name\":\"Kyufi th\u00e9 noir \u00e0 la bergamote x 15 Sticks\"}]},{\"@type\":\"WebSite\",\"@id\":\"https:\/\/www.histoiredorient.com\/#website\",\"url\":\"https:\/\/www.histoiredorient.com\/\",\"name\":\"Histoire d'Orient\",\"description\":\"Les saveurs et l\u2019art de vivre de l\u2019Orient chez vous.\",\"publisher\":{\"@id\":\"https:\/\/www.histoiredorient.com\/#organization\"},\"potentialAction\":[{\"@type\":\"SearchAction\",\"target\":{\"@type\":\"EntryPoint\",\"urlTemplate\":\"https:\/\/www.histoiredorient.com\/?s={search_term_string}\"},\"query-input\":{\"@type\":\"PropertyValueSpecification\",\"valueRequired\":true,\"valueName\":\"search_term_string\"}}],\"inLanguage\":\"fr-FR\"},{\"@type\":\"Organization\",\"@id\":\"https:\/\/www.histoiredorient.com\/#organization\",\"name\":\"Histoire d'Orient\",\"url\":\"https:\/\/www.histoiredorient.com\/\",\"logo\":{\"@type\":\"ImageObject\",\"inLanguage\":\"fr-FR\",\"@id\":\"https:\/\/www.histoiredorient.com\/#\/schema\/logo\/image\/\",\"url\":\"https:\/\/www.histoiredorient.com\/wp-content\/uploads\/2025\/12\/logo.png\",\"contentUrl\":\"https:\/\/www.histoiredorient.com\/wp-content\/uploads\/2025\/12\/logo.png\",\"width\":1536,\"height\":1024,\"caption\":\"Histoire d'Orient\"},\"image\":{\"@id\":\"https:\/\/www.histoiredorient.com\/#\/schema\/logo\/image\/\"}}]}<\/script>\n<!-- \/ Yoast SEO plugin. -->","yoast_head_json":{"title":"Kyufi th\u00e9 noir \u00e0 la bergamote x 15 Sticks - Histoire d&#039;Orient | \u00c9picerie Fine &amp; Artisanat Oriental d&#039;Excellence","robots":{"index":"index","follow":"follow","max-snippet":"max-snippet:-1","max-image-preview":"max-image-preview:large","max-video-preview":"max-video-preview:-1"},"canonical":"https:\/\/www.histoiredorient.com\/index.php\/product\/kyufi-the-noir-a-la-bergamote-x-15-sticks\/","og_locale":"fr_FR","og_type":"article","og_title":"Kyufi th\u00e9 noir \u00e0 la bergamote x 15 Sticks - Histoire d&#039;Orient | \u00c9picerie Fine &amp; Artisanat Oriental d&#039;Excellence","og_description":"The noir instantane bergamote x 15 sticks","og_url":"https:\/\/www.histoiredorient.com\/index.php\/product\/kyufi-the-noir-a-la-bergamote-x-15-sticks\/","og_site_name":"Histoire d&#039;Orient | \u00c9picerie Fine &amp; Artisanat Oriental d&#039;Excellence","article_modified_time":"2026-02-06T15:08:53+00:00","og_image":[{"width":800,"height":800,"url":"https:\/\/www.histoiredorient.com\/wp-content\/uploads\/2026\/01\/the-noir-instantane-bergamote.jpg","type":"image\/jpeg"}],"twitter_card":"summary_large_image","twitter_misc":{"Dur\u00e9e de lecture estim\u00e9e":"1 minute"},"schema":{"@context":"https:\/\/schema.org","@graph":[{"@type":"WebPage","@id":"https:\/\/www.histoiredorient.com\/index.php\/product\/kyufi-the-noir-a-la-bergamote-x-15-sticks\/","url":"https:\/\/www.histoiredorient.com\/index.php\/product\/kyufi-the-noir-a-la-bergamote-x-15-sticks\/","name":"Kyufi th\u00e9 noir \u00e0 la bergamote x 15 Sticks - Histoire d&#039;Orient | \u00c9picerie Fine &amp; Artisanat Oriental d&#039;Excellence","isPartOf":{"@id":"https:\/\/www.histoiredorient.com\/#website"},"primaryImageOfPage":{"@id":"https:\/\/www.histoiredorient.com\/index.php\/product\/kyufi-the-noir-a-la-bergamote-x-15-sticks\/#primaryimage"},"image":{"@id":"https:\/\/www.histoiredorient.com\/index.php\/product\/kyufi-the-noir-a-la-bergamote-x-15-sticks\/#primaryimage"},"thumbnailUrl":"https:\/\/www.histoiredorient.com\/wp-content\/uploads\/2026\/01\/the-noir-instantane-bergamote.jpg","datePublished":"2026-01-09T10:50:50+00:00","dateModified":"2026-02-06T15:08:53+00:00","breadcrumb":{"@id":"https:\/\/www.histoiredorient.com\/index.php\/product\/kyufi-the-noir-a-la-bergamote-x-15-sticks\/#breadcrumb"},"inLanguage":"fr-FR","potentialAction":[{"@type":"ReadAction","target":["https:\/\/www.histoiredorient.com\/index.php\/product\/kyufi-the-noir-a-la-bergamote-x-15-sticks\/"]}]},{"@type":"ImageObject","inLanguage":"fr-FR","@id":"https:\/\/www.histoiredorient.com\/index.php\/product\/kyufi-the-noir-a-la-bergamote-x-15-sticks\/#primaryimage","url":"https:\/\/www.histoiredorient.com\/wp-content\/uploads\/2026\/01\/the-noir-instantane-bergamote.jpg","contentUrl":"https:\/\/www.histoiredorient.com\/wp-content\/uploads\/2026\/01\/the-noir-instantane-bergamote.jpg","width":800,"height":800},{"@type":"BreadcrumbList","@id":"https:\/\/www.histoiredorient.com\/index.php\/product\/kyufi-the-noir-a-la-bergamote-x-15-sticks\/#breadcrumb","itemListElement":[{"@type":"ListItem","position":1,"name":"Accueil","item":"https:\/\/www.histoiredorient.com\/"},{"@type":"ListItem","position":2,"name":"Nos Produits","item":"https:\/\/www.histoiredorient.com\/index.php\/products\/"},{"@type":"ListItem","position":3,"name":"Kyufi th\u00e9 noir \u00e0 la bergamote x 15 Sticks"}]},{"@type":"WebSite","@id":"https:\/\/www.histoiredorient.com\/#website","url":"https:\/\/www.histoiredorient.com\/","name":"Histoire d'Orient","description":"Les saveurs et l\u2019art de vivre de l\u2019Orient chez vous.","publisher":{"@id":"https:\/\/www.histoiredorient.com\/#organization"},"potentialAction":[{"@type":"SearchAction","target":{"@type":"EntryPoint","urlTemplate":"https:\/\/www.histoiredorient.com\/?s={search_term_string}"},"query-input":{"@type":"PropertyValueSpecification","valueRequired":true,"valueName":"search_term_string"}}],"inLanguage":"fr-FR"},{"@type":"Organization","@id":"https:\/\/www.histoiredorient.com\/#organization","name":"Histoire d'Orient","url":"https:\/\/www.histoiredorient.com\/","logo":{"@type":"ImageObject","inLanguage":"fr-FR","@id":"https:\/\/www.histoiredorient.com\/#\/schema\/logo\/image\/","url":"https:\/\/www.histoiredorient.com\/wp-content\/uploads\/2025\/12\/logo.png","contentUrl":"https:\/\/www.histoiredorient.com\/wp-content\/uploads\/2025\/12\/logo.png","width":1536,"height":1024,"caption":"Histoire d'Orient"},"image":{"@id":"https:\/\/www.histoiredorient.com\/#\/schema\/logo\/image\/"}}]}},"_links":{"self":[{"href":"https:\/\/www.histoiredorient.com\/index.php\/wp-json\/wp\/v2\/product\/1416","targetHints":{"allow":["GET"]}}],"collection":[{"href":"https:\/\/www.histoiredorient.com\/index.php\/wp-json\/wp\/v2\/product"}],"about":[{"href":"https:\/\/www.histoiredorient.com\/index.php\/wp-json\/wp\/v2\/types\/product"}],"replies":[{"embeddable":true,"href":"https:\/\/www.histoiredorient.com\/index.php\/wp-json\/wp\/v2\/comments?post=1416"}],"wp:featuredmedia":[{"embeddable":true,"href":"https:\/\/www.histoiredorient.com\/index.php\/wp-json\/wp\/v2\/media\/1417"}],"wp:attachment":[{"href":"https:\/\/www.histoiredorient.com\/index.php\/wp-json\/wp\/v2\/media?parent=1416"}],"wp:term":[{"taxonomy":"product_brand","embeddable":true,"href":"https:\/\/www.histoiredorient.com\/index.php\/wp-json\/wp\/v2\/product_brand?post=1416"},{"taxonomy":"product_cat","embeddable":true,"href":"https:\/\/www.histoiredorient.com\/index.php\/wp-json\/wp\/v2\/product_cat?post=1416"},{"taxonomy":"product_tag","embeddable":true,"href":"https:\/\/www.histoiredorient.com\/index.php\/wp-json\/wp\/v2\/product_tag?post=1416"}],"curies":[{"name":"wp","href":"https:\/\/api.w.org\/{rel}","templated":true}]}}