{"id":1212,"date":"2026-01-06T16:17:23","date_gmt":"2026-01-06T16:17:23","guid":{"rendered":"https:\/\/www.histoiredorient.com\/?post_type=product&#038;p=1212"},"modified":"2026-02-26T10:52:52","modified_gmt":"2026-02-26T10:52:52","slug":"ensemble-de-bol-aperitif-bol-de-soupe-et-plat-en-ceramique","status":"publish","type":"product","link":"https:\/\/www.histoiredorient.com\/index.php\/product\/ensemble-de-bol-aperitif-bol-de-soupe-et-plat-en-ceramique\/","title":{"rendered":"Ensemble de : bol aperitif, bol de soupe et plat en ceramique"},"content":{"rendered":"<p>Cet ensemble en <strong data-start=\"320\" data-end=\"344\">c\u00e9ramique artisanale<\/strong> est une invitation au voyage au c\u0153ur de la M\u00e9diterran\u00e9e. Chaque pi\u00e8ce est <strong data-start=\"419\" data-end=\"451\">fa\u00e7onn\u00e9e et peinte \u00e0 la main<\/strong>, selon un savoir-faire traditionnel, rendant chaque cr\u00e9ation unique.<\/p>\n<ul>\n<li data-start=\"1086\" data-end=\"1110\">\n<p data-start=\"1088\" data-end=\"1110\">C\u00e9ramique artisanale<\/p>\n<\/li>\n<li data-start=\"1111\" data-end=\"1131\">\n<p data-start=\"1113\" data-end=\"1131\">Peinte \u00e0 la main<\/p>\n<\/li>\n<li data-start=\"1132\" data-end=\"1177\">\n<p data-start=\"1134\" data-end=\"1177\">Motif olive d\u2019inspiration m\u00e9diterran\u00e9enne<\/p>\n<\/li>\n<li data-start=\"1178\" data-end=\"1205\">Usage alimentaire et d\u00e9coratif<\/li>\n<\/ul>\n","protected":false},"excerpt":{"rendered":"<p>Ensemble de :<\/p>\n<p>bol ap\u00e9ritif, bol de soupe et plat en c\u00e9ramique motif olive<\/p>\n","protected":false},"featured_media":1213,"comment_status":"open","ping_status":"closed","template":"","meta":[],"product_brand":[],"product_cat":[21,32],"product_tag":[],"class_list":{"0":"post-1212","1":"product","2":"type-product","3":"status-publish","4":"has-post-thumbnail","6":"product_cat-decor","7":"product_cat-art-de-table","8":"product_shipping_class-lege","10":"first","11":"onbackorder","12":"featured","13":"taxable","14":"shipping-taxable","15":"purchasable","16":"product-type-simple"},"yoast_head":"<!-- This site is optimized with the Yoast SEO plugin v27.0 - https:\/\/yoast.com\/product\/yoast-seo-wordpress\/ -->\n<title>Ensemble de : bol aperitif, bol de soupe et plat en ceramique - Histoire d&#039;Orient | \u00c9picerie Fine &amp; Artisanat Oriental d&#039;Excellence<\/title>\n<meta name=\"robots\" content=\"index, follow, max-snippet:-1, max-image-preview:large, max-video-preview:-1\" \/>\n<link rel=\"canonical\" href=\"https:\/\/www.histoiredorient.com\/index.php\/product\/ensemble-de-bol-aperitif-bol-de-soupe-et-plat-en-ceramique\/\" \/>\n<meta property=\"og:locale\" content=\"fr_FR\" \/>\n<meta property=\"og:type\" content=\"article\" \/>\n<meta property=\"og:title\" content=\"Ensemble de : bol aperitif, bol de soupe et plat en ceramique - Histoire d&#039;Orient | \u00c9picerie Fine &amp; Artisanat Oriental d&#039;Excellence\" \/>\n<meta property=\"og:description\" content=\"Ensemble de :  bol ap\u00e9ritif, bol de soupe et plat en c\u00e9ramique motif olive\" \/>\n<meta property=\"og:url\" content=\"https:\/\/www.histoiredorient.com\/index.php\/product\/ensemble-de-bol-aperitif-bol-de-soupe-et-plat-en-ceramique\/\" \/>\n<meta property=\"og:site_name\" content=\"Histoire d&#039;Orient | \u00c9picerie Fine &amp; Artisanat Oriental d&#039;Excellence\" \/>\n<meta property=\"article:modified_time\" content=\"2026-02-26T10:52:52+00:00\" \/>\n<meta property=\"og:image\" content=\"https:\/\/www.histoiredorient.com\/wp-content\/uploads\/2026\/01\/Bol-plat-ceramique.webp\" \/>\n\t<meta property=\"og:image:width\" content=\"1240\" \/>\n\t<meta property=\"og:image:height\" content=\"827\" \/>\n\t<meta property=\"og:image:type\" content=\"image\/webp\" \/>\n<meta name=\"twitter:card\" content=\"summary_large_image\" \/>\n<script type=\"application\/ld+json\" class=\"yoast-schema-graph\">{\"@context\":\"https:\/\/schema.org\",\"@graph\":[{\"@type\":\"WebPage\",\"@id\":\"https:\/\/www.histoiredorient.com\/index.php\/product\/ensemble-de-bol-aperitif-bol-de-soupe-et-plat-en-ceramique\/\",\"url\":\"https:\/\/www.histoiredorient.com\/index.php\/product\/ensemble-de-bol-aperitif-bol-de-soupe-et-plat-en-ceramique\/\",\"name\":\"Ensemble de : bol aperitif, bol de soupe et plat en ceramique - Histoire d&#039;Orient | \u00c9picerie Fine &amp; Artisanat Oriental d&#039;Excellence\",\"isPartOf\":{\"@id\":\"https:\/\/www.histoiredorient.com\/#website\"},\"primaryImageOfPage\":{\"@id\":\"https:\/\/www.histoiredorient.com\/index.php\/product\/ensemble-de-bol-aperitif-bol-de-soupe-et-plat-en-ceramique\/#primaryimage\"},\"image\":{\"@id\":\"https:\/\/www.histoiredorient.com\/index.php\/product\/ensemble-de-bol-aperitif-bol-de-soupe-et-plat-en-ceramique\/#primaryimage\"},\"thumbnailUrl\":\"https:\/\/www.histoiredorient.com\/wp-content\/uploads\/2026\/01\/Bol-plat-ceramique.webp\",\"datePublished\":\"2026-01-06T16:17:23+00:00\",\"dateModified\":\"2026-02-26T10:52:52+00:00\",\"breadcrumb\":{\"@id\":\"https:\/\/www.histoiredorient.com\/index.php\/product\/ensemble-de-bol-aperitif-bol-de-soupe-et-plat-en-ceramique\/#breadcrumb\"},\"inLanguage\":\"fr-FR\",\"potentialAction\":[{\"@type\":\"ReadAction\",\"target\":[\"https:\/\/www.histoiredorient.com\/index.php\/product\/ensemble-de-bol-aperitif-bol-de-soupe-et-plat-en-ceramique\/\"]}]},{\"@type\":\"ImageObject\",\"inLanguage\":\"fr-FR\",\"@id\":\"https:\/\/www.histoiredorient.com\/index.php\/product\/ensemble-de-bol-aperitif-bol-de-soupe-et-plat-en-ceramique\/#primaryimage\",\"url\":\"https:\/\/www.histoiredorient.com\/wp-content\/uploads\/2026\/01\/Bol-plat-ceramique.webp\",\"contentUrl\":\"https:\/\/www.histoiredorient.com\/wp-content\/uploads\/2026\/01\/Bol-plat-ceramique.webp\",\"width\":1240,\"height\":827},{\"@type\":\"BreadcrumbList\",\"@id\":\"https:\/\/www.histoiredorient.com\/index.php\/product\/ensemble-de-bol-aperitif-bol-de-soupe-et-plat-en-ceramique\/#breadcrumb\",\"itemListElement\":[{\"@type\":\"ListItem\",\"position\":1,\"name\":\"Accueil\",\"item\":\"https:\/\/www.histoiredorient.com\/\"},{\"@type\":\"ListItem\",\"position\":2,\"name\":\"Nos Produits\",\"item\":\"https:\/\/www.histoiredorient.com\/index.php\/products\/\"},{\"@type\":\"ListItem\",\"position\":3,\"name\":\"Ensemble de : bol aperitif, bol de soupe et plat en ceramique\"}]},{\"@type\":\"WebSite\",\"@id\":\"https:\/\/www.histoiredorient.com\/#website\",\"url\":\"https:\/\/www.histoiredorient.com\/\",\"name\":\"Histoire d'Orient\",\"description\":\"Les saveurs et l\u2019art de vivre de l\u2019Orient chez vous.\",\"publisher\":{\"@id\":\"https:\/\/www.histoiredorient.com\/#organization\"},\"potentialAction\":[{\"@type\":\"SearchAction\",\"target\":{\"@type\":\"EntryPoint\",\"urlTemplate\":\"https:\/\/www.histoiredorient.com\/?s={search_term_string}\"},\"query-input\":{\"@type\":\"PropertyValueSpecification\",\"valueRequired\":true,\"valueName\":\"search_term_string\"}}],\"inLanguage\":\"fr-FR\"},{\"@type\":\"Organization\",\"@id\":\"https:\/\/www.histoiredorient.com\/#organization\",\"name\":\"Histoire d'Orient\",\"url\":\"https:\/\/www.histoiredorient.com\/\",\"logo\":{\"@type\":\"ImageObject\",\"inLanguage\":\"fr-FR\",\"@id\":\"https:\/\/www.histoiredorient.com\/#\/schema\/logo\/image\/\",\"url\":\"https:\/\/www.histoiredorient.com\/wp-content\/uploads\/2025\/12\/logo.png\",\"contentUrl\":\"https:\/\/www.histoiredorient.com\/wp-content\/uploads\/2025\/12\/logo.png\",\"width\":1536,\"height\":1024,\"caption\":\"Histoire d'Orient\"},\"image\":{\"@id\":\"https:\/\/www.histoiredorient.com\/#\/schema\/logo\/image\/\"}}]}<\/script>\n<!-- \/ Yoast SEO plugin. -->","yoast_head_json":{"title":"Ensemble de : bol aperitif, bol de soupe et plat en ceramique - Histoire d&#039;Orient | \u00c9picerie Fine &amp; Artisanat Oriental d&#039;Excellence","robots":{"index":"index","follow":"follow","max-snippet":"max-snippet:-1","max-image-preview":"max-image-preview:large","max-video-preview":"max-video-preview:-1"},"canonical":"https:\/\/www.histoiredorient.com\/index.php\/product\/ensemble-de-bol-aperitif-bol-de-soupe-et-plat-en-ceramique\/","og_locale":"fr_FR","og_type":"article","og_title":"Ensemble de : bol aperitif, bol de soupe et plat en ceramique - Histoire d&#039;Orient | \u00c9picerie Fine &amp; Artisanat Oriental d&#039;Excellence","og_description":"Ensemble de :  bol ap\u00e9ritif, bol de soupe et plat en c\u00e9ramique motif olive","og_url":"https:\/\/www.histoiredorient.com\/index.php\/product\/ensemble-de-bol-aperitif-bol-de-soupe-et-plat-en-ceramique\/","og_site_name":"Histoire d&#039;Orient | \u00c9picerie Fine &amp; Artisanat Oriental d&#039;Excellence","article_modified_time":"2026-02-26T10:52:52+00:00","og_image":[{"width":1240,"height":827,"url":"https:\/\/www.histoiredorient.com\/wp-content\/uploads\/2026\/01\/Bol-plat-ceramique.webp","type":"image\/webp"}],"twitter_card":"summary_large_image","schema":{"@context":"https:\/\/schema.org","@graph":[{"@type":"WebPage","@id":"https:\/\/www.histoiredorient.com\/index.php\/product\/ensemble-de-bol-aperitif-bol-de-soupe-et-plat-en-ceramique\/","url":"https:\/\/www.histoiredorient.com\/index.php\/product\/ensemble-de-bol-aperitif-bol-de-soupe-et-plat-en-ceramique\/","name":"Ensemble de : bol aperitif, bol de soupe et plat en ceramique - Histoire d&#039;Orient | \u00c9picerie Fine &amp; Artisanat Oriental d&#039;Excellence","isPartOf":{"@id":"https:\/\/www.histoiredorient.com\/#website"},"primaryImageOfPage":{"@id":"https:\/\/www.histoiredorient.com\/index.php\/product\/ensemble-de-bol-aperitif-bol-de-soupe-et-plat-en-ceramique\/#primaryimage"},"image":{"@id":"https:\/\/www.histoiredorient.com\/index.php\/product\/ensemble-de-bol-aperitif-bol-de-soupe-et-plat-en-ceramique\/#primaryimage"},"thumbnailUrl":"https:\/\/www.histoiredorient.com\/wp-content\/uploads\/2026\/01\/Bol-plat-ceramique.webp","datePublished":"2026-01-06T16:17:23+00:00","dateModified":"2026-02-26T10:52:52+00:00","breadcrumb":{"@id":"https:\/\/www.histoiredorient.com\/index.php\/product\/ensemble-de-bol-aperitif-bol-de-soupe-et-plat-en-ceramique\/#breadcrumb"},"inLanguage":"fr-FR","potentialAction":[{"@type":"ReadAction","target":["https:\/\/www.histoiredorient.com\/index.php\/product\/ensemble-de-bol-aperitif-bol-de-soupe-et-plat-en-ceramique\/"]}]},{"@type":"ImageObject","inLanguage":"fr-FR","@id":"https:\/\/www.histoiredorient.com\/index.php\/product\/ensemble-de-bol-aperitif-bol-de-soupe-et-plat-en-ceramique\/#primaryimage","url":"https:\/\/www.histoiredorient.com\/wp-content\/uploads\/2026\/01\/Bol-plat-ceramique.webp","contentUrl":"https:\/\/www.histoiredorient.com\/wp-content\/uploads\/2026\/01\/Bol-plat-ceramique.webp","width":1240,"height":827},{"@type":"BreadcrumbList","@id":"https:\/\/www.histoiredorient.com\/index.php\/product\/ensemble-de-bol-aperitif-bol-de-soupe-et-plat-en-ceramique\/#breadcrumb","itemListElement":[{"@type":"ListItem","position":1,"name":"Accueil","item":"https:\/\/www.histoiredorient.com\/"},{"@type":"ListItem","position":2,"name":"Nos Produits","item":"https:\/\/www.histoiredorient.com\/index.php\/products\/"},{"@type":"ListItem","position":3,"name":"Ensemble de : bol aperitif, bol de soupe et plat en ceramique"}]},{"@type":"WebSite","@id":"https:\/\/www.histoiredorient.com\/#website","url":"https:\/\/www.histoiredorient.com\/","name":"Histoire d'Orient","description":"Les saveurs et l\u2019art de vivre de l\u2019Orient chez vous.","publisher":{"@id":"https:\/\/www.histoiredorient.com\/#organization"},"potentialAction":[{"@type":"SearchAction","target":{"@type":"EntryPoint","urlTemplate":"https:\/\/www.histoiredorient.com\/?s={search_term_string}"},"query-input":{"@type":"PropertyValueSpecification","valueRequired":true,"valueName":"search_term_string"}}],"inLanguage":"fr-FR"},{"@type":"Organization","@id":"https:\/\/www.histoiredorient.com\/#organization","name":"Histoire d'Orient","url":"https:\/\/www.histoiredorient.com\/","logo":{"@type":"ImageObject","inLanguage":"fr-FR","@id":"https:\/\/www.histoiredorient.com\/#\/schema\/logo\/image\/","url":"https:\/\/www.histoiredorient.com\/wp-content\/uploads\/2025\/12\/logo.png","contentUrl":"https:\/\/www.histoiredorient.com\/wp-content\/uploads\/2025\/12\/logo.png","width":1536,"height":1024,"caption":"Histoire d'Orient"},"image":{"@id":"https:\/\/www.histoiredorient.com\/#\/schema\/logo\/image\/"}}]}},"_links":{"self":[{"href":"https:\/\/www.histoiredorient.com\/index.php\/wp-json\/wp\/v2\/product\/1212","targetHints":{"allow":["GET"]}}],"collection":[{"href":"https:\/\/www.histoiredorient.com\/index.php\/wp-json\/wp\/v2\/product"}],"about":[{"href":"https:\/\/www.histoiredorient.com\/index.php\/wp-json\/wp\/v2\/types\/product"}],"replies":[{"embeddable":true,"href":"https:\/\/www.histoiredorient.com\/index.php\/wp-json\/wp\/v2\/comments?post=1212"}],"wp:featuredmedia":[{"embeddable":true,"href":"https:\/\/www.histoiredorient.com\/index.php\/wp-json\/wp\/v2\/media\/1213"}],"wp:attachment":[{"href":"https:\/\/www.histoiredorient.com\/index.php\/wp-json\/wp\/v2\/media?parent=1212"}],"wp:term":[{"taxonomy":"product_brand","embeddable":true,"href":"https:\/\/www.histoiredorient.com\/index.php\/wp-json\/wp\/v2\/product_brand?post=1212"},{"taxonomy":"product_cat","embeddable":true,"href":"https:\/\/www.histoiredorient.com\/index.php\/wp-json\/wp\/v2\/product_cat?post=1212"},{"taxonomy":"product_tag","embeddable":true,"href":"https:\/\/www.histoiredorient.com\/index.php\/wp-json\/wp\/v2\/product_tag?post=1212"}],"curies":[{"name":"wp","href":"https:\/\/api.w.org\/{rel}","templated":true}]}}