{"id":1208,"date":"2026-01-06T15:54:42","date_gmt":"2026-01-06T15:54:42","guid":{"rendered":"https:\/\/www.histoiredorient.com\/?post_type=product&#038;p=1208"},"modified":"2026-02-26T10:52:52","modified_gmt":"2026-02-26T10:52:52","slug":"tapis-en-peau-de-mouton-naturelle","status":"publish","type":"product","link":"https:\/\/www.histoiredorient.com\/index.php\/product\/tapis-en-peau-de-mouton-naturelle\/","title":{"rendered":"Tapis en Peau de Mouton Naturelle"},"content":{"rendered":"<p data-start=\"294\" data-end=\"587\">Ce <strong data-start=\"297\" data-end=\"334\">tapis en peau de mouton naturelle<\/strong> est une pi\u00e8ce chaleureuse et intemporelle, issue d\u2019un <strong data-start=\"389\" data-end=\"410\">travail artisanal<\/strong> respectueux de la mati\u00e8re. Chaque peau est soigneusement s\u00e9lectionn\u00e9e et travaill\u00e9e afin de pr\u00e9server son <strong data-start=\"517\" data-end=\"529\">moelleux<\/strong>, sa <strong data-start=\"534\" data-end=\"560\">douceur exceptionnelle<\/strong> et son aspect authentique.<\/p>\n<p data-start=\"589\" data-end=\"876\">La laine dense et soyeuse offre un <strong data-start=\"624\" data-end=\"663\">confort incomparable sous les pieds<\/strong>, tout en apportant une touche naturelle et \u00e9l\u00e9gante \u00e0 votre int\u00e9rieur. Les nuances subtiles et irr\u00e9guli\u00e8res t\u00e9moignent du caract\u00e8re unique de chaque pi\u00e8ce, faisant de ce tapis un \u00e9l\u00e9ment d\u00e9coratif \u00e0 part enti\u00e8re.<\/p>\n<ul>\n<li data-start=\"1081\" data-end=\"1115\">\n<p data-start=\"1083\" data-end=\"1115\">Peau de mouton 100 % naturelle<\/p>\n<\/li>\n<li data-start=\"1116\" data-end=\"1142\">\n<p data-start=\"1118\" data-end=\"1142\">Fabrication artisanale<\/p>\n<\/li>\n<li data-start=\"1143\" data-end=\"1200\">\n<p data-start=\"1145\" data-end=\"1200\">Pi\u00e8ce unique (formes et teintes naturelles variables)<\/p>\n<\/li>\n<li data-start=\"1201\" data-end=\"1235\">\n<p data-start=\"1203\" data-end=\"1235\">Texture tr\u00e8s douce et isolante<\/p>\n<\/li>\n<li data-start=\"1236\" data-end=\"1294\">\n<p data-start=\"1238\" data-end=\"1294\">Parfait pour une d\u00e9coration chaleureuse et authentique<\/p>\n<\/li>\n<\/ul>\n","protected":false},"excerpt":{"rendered":"<p>Ce tapis en peau de mouton naturelle est une pi\u00e8ce chaleureuse et intemporelle, issue d\u2019un travail artisanal respectueux de la mati\u00e8re. Chaque peau est soigneusement s\u00e9lectionn\u00e9e et travaill\u00e9e afin de pr\u00e9server son moelleux, sa douceur exceptionnelle et son aspect authentique. La laine dense et soyeuse offre un confort incomparable sous les pieds, tout en apportant [&hellip;]<\/p>\n","protected":false},"featured_media":1209,"comment_status":"open","ping_status":"closed","template":"","meta":[],"product_brand":[],"product_cat":[29],"product_tag":[],"class_list":{"0":"post-1208","1":"product","2":"type-product","3":"status-publish","4":"has-post-thumbnail","6":"product_cat-artisanat","7":"product_shipping_class-lege","9":"first","10":"onbackorder","11":"featured","12":"taxable","13":"shipping-taxable","14":"purchasable","15":"product-type-simple"},"yoast_head":"<!-- This site is optimized with the Yoast SEO plugin v27.0 - https:\/\/yoast.com\/product\/yoast-seo-wordpress\/ -->\n<title>Tapis en Peau de Mouton Naturelle - Histoire d&#039;Orient | \u00c9picerie Fine &amp; Artisanat Oriental d&#039;Excellence<\/title>\n<meta name=\"robots\" content=\"index, follow, max-snippet:-1, max-image-preview:large, max-video-preview:-1\" \/>\n<link rel=\"canonical\" href=\"https:\/\/www.histoiredorient.com\/index.php\/product\/tapis-en-peau-de-mouton-naturelle\/\" \/>\n<meta property=\"og:locale\" content=\"fr_FR\" \/>\n<meta property=\"og:type\" content=\"article\" \/>\n<meta property=\"og:title\" content=\"Tapis en Peau de Mouton Naturelle - Histoire d&#039;Orient | \u00c9picerie Fine &amp; Artisanat Oriental d&#039;Excellence\" \/>\n<meta property=\"og:description\" content=\"Ce tapis en peau de mouton naturelle est une pi\u00e8ce chaleureuse et intemporelle, issue d\u2019un travail artisanal respectueux de la mati\u00e8re. Chaque peau est soigneusement s\u00e9lectionn\u00e9e et travaill\u00e9e afin de pr\u00e9server son moelleux, sa douceur exceptionnelle et son aspect authentique. La laine dense et soyeuse offre un confort incomparable sous les pieds, tout en apportant [&hellip;]\" \/>\n<meta property=\"og:url\" content=\"https:\/\/www.histoiredorient.com\/index.php\/product\/tapis-en-peau-de-mouton-naturelle\/\" \/>\n<meta property=\"og:site_name\" content=\"Histoire d&#039;Orient | \u00c9picerie Fine &amp; Artisanat Oriental d&#039;Excellence\" \/>\n<meta property=\"article:modified_time\" content=\"2026-02-26T10:52:52+00:00\" \/>\n<meta property=\"og:image\" content=\"https:\/\/www.histoiredorient.com\/wp-content\/uploads\/2026\/01\/Tapis-peau-de-mouton.webp\" \/>\n\t<meta property=\"og:image:width\" content=\"1240\" \/>\n\t<meta property=\"og:image:height\" content=\"827\" \/>\n\t<meta property=\"og:image:type\" content=\"image\/webp\" \/>\n<meta name=\"twitter:card\" content=\"summary_large_image\" \/>\n<meta name=\"twitter:label1\" content=\"Dur\u00e9e de lecture estim\u00e9e\" \/>\n\t<meta name=\"twitter:data1\" content=\"1 minute\" \/>\n<script type=\"application\/ld+json\" class=\"yoast-schema-graph\">{\"@context\":\"https:\/\/schema.org\",\"@graph\":[{\"@type\":\"WebPage\",\"@id\":\"https:\/\/www.histoiredorient.com\/index.php\/product\/tapis-en-peau-de-mouton-naturelle\/\",\"url\":\"https:\/\/www.histoiredorient.com\/index.php\/product\/tapis-en-peau-de-mouton-naturelle\/\",\"name\":\"Tapis en Peau de Mouton Naturelle - Histoire d&#039;Orient | \u00c9picerie Fine &amp; Artisanat Oriental d&#039;Excellence\",\"isPartOf\":{\"@id\":\"https:\/\/www.histoiredorient.com\/#website\"},\"primaryImageOfPage\":{\"@id\":\"https:\/\/www.histoiredorient.com\/index.php\/product\/tapis-en-peau-de-mouton-naturelle\/#primaryimage\"},\"image\":{\"@id\":\"https:\/\/www.histoiredorient.com\/index.php\/product\/tapis-en-peau-de-mouton-naturelle\/#primaryimage\"},\"thumbnailUrl\":\"https:\/\/www.histoiredorient.com\/wp-content\/uploads\/2026\/01\/Tapis-peau-de-mouton.webp\",\"datePublished\":\"2026-01-06T15:54:42+00:00\",\"dateModified\":\"2026-02-26T10:52:52+00:00\",\"breadcrumb\":{\"@id\":\"https:\/\/www.histoiredorient.com\/index.php\/product\/tapis-en-peau-de-mouton-naturelle\/#breadcrumb\"},\"inLanguage\":\"fr-FR\",\"potentialAction\":[{\"@type\":\"ReadAction\",\"target\":[\"https:\/\/www.histoiredorient.com\/index.php\/product\/tapis-en-peau-de-mouton-naturelle\/\"]}]},{\"@type\":\"ImageObject\",\"inLanguage\":\"fr-FR\",\"@id\":\"https:\/\/www.histoiredorient.com\/index.php\/product\/tapis-en-peau-de-mouton-naturelle\/#primaryimage\",\"url\":\"https:\/\/www.histoiredorient.com\/wp-content\/uploads\/2026\/01\/Tapis-peau-de-mouton.webp\",\"contentUrl\":\"https:\/\/www.histoiredorient.com\/wp-content\/uploads\/2026\/01\/Tapis-peau-de-mouton.webp\",\"width\":1240,\"height\":827},{\"@type\":\"BreadcrumbList\",\"@id\":\"https:\/\/www.histoiredorient.com\/index.php\/product\/tapis-en-peau-de-mouton-naturelle\/#breadcrumb\",\"itemListElement\":[{\"@type\":\"ListItem\",\"position\":1,\"name\":\"Accueil\",\"item\":\"https:\/\/www.histoiredorient.com\/\"},{\"@type\":\"ListItem\",\"position\":2,\"name\":\"Nos Produits\",\"item\":\"https:\/\/www.histoiredorient.com\/index.php\/products\/\"},{\"@type\":\"ListItem\",\"position\":3,\"name\":\"Tapis en Peau de Mouton Naturelle\"}]},{\"@type\":\"WebSite\",\"@id\":\"https:\/\/www.histoiredorient.com\/#website\",\"url\":\"https:\/\/www.histoiredorient.com\/\",\"name\":\"Histoire d'Orient\",\"description\":\"Les saveurs et l\u2019art de vivre de l\u2019Orient chez vous.\",\"publisher\":{\"@id\":\"https:\/\/www.histoiredorient.com\/#organization\"},\"potentialAction\":[{\"@type\":\"SearchAction\",\"target\":{\"@type\":\"EntryPoint\",\"urlTemplate\":\"https:\/\/www.histoiredorient.com\/?s={search_term_string}\"},\"query-input\":{\"@type\":\"PropertyValueSpecification\",\"valueRequired\":true,\"valueName\":\"search_term_string\"}}],\"inLanguage\":\"fr-FR\"},{\"@type\":\"Organization\",\"@id\":\"https:\/\/www.histoiredorient.com\/#organization\",\"name\":\"Histoire d'Orient\",\"url\":\"https:\/\/www.histoiredorient.com\/\",\"logo\":{\"@type\":\"ImageObject\",\"inLanguage\":\"fr-FR\",\"@id\":\"https:\/\/www.histoiredorient.com\/#\/schema\/logo\/image\/\",\"url\":\"https:\/\/www.histoiredorient.com\/wp-content\/uploads\/2025\/12\/logo.png\",\"contentUrl\":\"https:\/\/www.histoiredorient.com\/wp-content\/uploads\/2025\/12\/logo.png\",\"width\":1536,\"height\":1024,\"caption\":\"Histoire d'Orient\"},\"image\":{\"@id\":\"https:\/\/www.histoiredorient.com\/#\/schema\/logo\/image\/\"}}]}<\/script>\n<!-- \/ Yoast SEO plugin. -->","yoast_head_json":{"title":"Tapis en Peau de Mouton Naturelle - Histoire d&#039;Orient | \u00c9picerie Fine &amp; Artisanat Oriental d&#039;Excellence","robots":{"index":"index","follow":"follow","max-snippet":"max-snippet:-1","max-image-preview":"max-image-preview:large","max-video-preview":"max-video-preview:-1"},"canonical":"https:\/\/www.histoiredorient.com\/index.php\/product\/tapis-en-peau-de-mouton-naturelle\/","og_locale":"fr_FR","og_type":"article","og_title":"Tapis en Peau de Mouton Naturelle - Histoire d&#039;Orient | \u00c9picerie Fine &amp; Artisanat Oriental d&#039;Excellence","og_description":"Ce tapis en peau de mouton naturelle est une pi\u00e8ce chaleureuse et intemporelle, issue d\u2019un travail artisanal respectueux de la mati\u00e8re. Chaque peau est soigneusement s\u00e9lectionn\u00e9e et travaill\u00e9e afin de pr\u00e9server son moelleux, sa douceur exceptionnelle et son aspect authentique. La laine dense et soyeuse offre un confort incomparable sous les pieds, tout en apportant [&hellip;]","og_url":"https:\/\/www.histoiredorient.com\/index.php\/product\/tapis-en-peau-de-mouton-naturelle\/","og_site_name":"Histoire d&#039;Orient | \u00c9picerie Fine &amp; Artisanat Oriental d&#039;Excellence","article_modified_time":"2026-02-26T10:52:52+00:00","og_image":[{"width":1240,"height":827,"url":"https:\/\/www.histoiredorient.com\/wp-content\/uploads\/2026\/01\/Tapis-peau-de-mouton.webp","type":"image\/webp"}],"twitter_card":"summary_large_image","twitter_misc":{"Dur\u00e9e de lecture estim\u00e9e":"1 minute"},"schema":{"@context":"https:\/\/schema.org","@graph":[{"@type":"WebPage","@id":"https:\/\/www.histoiredorient.com\/index.php\/product\/tapis-en-peau-de-mouton-naturelle\/","url":"https:\/\/www.histoiredorient.com\/index.php\/product\/tapis-en-peau-de-mouton-naturelle\/","name":"Tapis en Peau de Mouton Naturelle - Histoire d&#039;Orient | \u00c9picerie Fine &amp; Artisanat Oriental d&#039;Excellence","isPartOf":{"@id":"https:\/\/www.histoiredorient.com\/#website"},"primaryImageOfPage":{"@id":"https:\/\/www.histoiredorient.com\/index.php\/product\/tapis-en-peau-de-mouton-naturelle\/#primaryimage"},"image":{"@id":"https:\/\/www.histoiredorient.com\/index.php\/product\/tapis-en-peau-de-mouton-naturelle\/#primaryimage"},"thumbnailUrl":"https:\/\/www.histoiredorient.com\/wp-content\/uploads\/2026\/01\/Tapis-peau-de-mouton.webp","datePublished":"2026-01-06T15:54:42+00:00","dateModified":"2026-02-26T10:52:52+00:00","breadcrumb":{"@id":"https:\/\/www.histoiredorient.com\/index.php\/product\/tapis-en-peau-de-mouton-naturelle\/#breadcrumb"},"inLanguage":"fr-FR","potentialAction":[{"@type":"ReadAction","target":["https:\/\/www.histoiredorient.com\/index.php\/product\/tapis-en-peau-de-mouton-naturelle\/"]}]},{"@type":"ImageObject","inLanguage":"fr-FR","@id":"https:\/\/www.histoiredorient.com\/index.php\/product\/tapis-en-peau-de-mouton-naturelle\/#primaryimage","url":"https:\/\/www.histoiredorient.com\/wp-content\/uploads\/2026\/01\/Tapis-peau-de-mouton.webp","contentUrl":"https:\/\/www.histoiredorient.com\/wp-content\/uploads\/2026\/01\/Tapis-peau-de-mouton.webp","width":1240,"height":827},{"@type":"BreadcrumbList","@id":"https:\/\/www.histoiredorient.com\/index.php\/product\/tapis-en-peau-de-mouton-naturelle\/#breadcrumb","itemListElement":[{"@type":"ListItem","position":1,"name":"Accueil","item":"https:\/\/www.histoiredorient.com\/"},{"@type":"ListItem","position":2,"name":"Nos Produits","item":"https:\/\/www.histoiredorient.com\/index.php\/products\/"},{"@type":"ListItem","position":3,"name":"Tapis en Peau de Mouton Naturelle"}]},{"@type":"WebSite","@id":"https:\/\/www.histoiredorient.com\/#website","url":"https:\/\/www.histoiredorient.com\/","name":"Histoire d'Orient","description":"Les saveurs et l\u2019art de vivre de l\u2019Orient chez vous.","publisher":{"@id":"https:\/\/www.histoiredorient.com\/#organization"},"potentialAction":[{"@type":"SearchAction","target":{"@type":"EntryPoint","urlTemplate":"https:\/\/www.histoiredorient.com\/?s={search_term_string}"},"query-input":{"@type":"PropertyValueSpecification","valueRequired":true,"valueName":"search_term_string"}}],"inLanguage":"fr-FR"},{"@type":"Organization","@id":"https:\/\/www.histoiredorient.com\/#organization","name":"Histoire d'Orient","url":"https:\/\/www.histoiredorient.com\/","logo":{"@type":"ImageObject","inLanguage":"fr-FR","@id":"https:\/\/www.histoiredorient.com\/#\/schema\/logo\/image\/","url":"https:\/\/www.histoiredorient.com\/wp-content\/uploads\/2025\/12\/logo.png","contentUrl":"https:\/\/www.histoiredorient.com\/wp-content\/uploads\/2025\/12\/logo.png","width":1536,"height":1024,"caption":"Histoire d'Orient"},"image":{"@id":"https:\/\/www.histoiredorient.com\/#\/schema\/logo\/image\/"}}]}},"_links":{"self":[{"href":"https:\/\/www.histoiredorient.com\/index.php\/wp-json\/wp\/v2\/product\/1208","targetHints":{"allow":["GET"]}}],"collection":[{"href":"https:\/\/www.histoiredorient.com\/index.php\/wp-json\/wp\/v2\/product"}],"about":[{"href":"https:\/\/www.histoiredorient.com\/index.php\/wp-json\/wp\/v2\/types\/product"}],"replies":[{"embeddable":true,"href":"https:\/\/www.histoiredorient.com\/index.php\/wp-json\/wp\/v2\/comments?post=1208"}],"wp:featuredmedia":[{"embeddable":true,"href":"https:\/\/www.histoiredorient.com\/index.php\/wp-json\/wp\/v2\/media\/1209"}],"wp:attachment":[{"href":"https:\/\/www.histoiredorient.com\/index.php\/wp-json\/wp\/v2\/media?parent=1208"}],"wp:term":[{"taxonomy":"product_brand","embeddable":true,"href":"https:\/\/www.histoiredorient.com\/index.php\/wp-json\/wp\/v2\/product_brand?post=1208"},{"taxonomy":"product_cat","embeddable":true,"href":"https:\/\/www.histoiredorient.com\/index.php\/wp-json\/wp\/v2\/product_cat?post=1208"},{"taxonomy":"product_tag","embeddable":true,"href":"https:\/\/www.histoiredorient.com\/index.php\/wp-json\/wp\/v2\/product_tag?post=1208"}],"curies":[{"name":"wp","href":"https:\/\/api.w.org\/{rel}","templated":true}]}}