{"id":1040,"date":"2025-12-25T13:50:16","date_gmt":"2025-12-25T13:50:16","guid":{"rendered":"http:\/\/www.histoiredorient.com\/?post_type=product&#038;p=1040"},"modified":"2026-02-06T15:11:40","modified_gmt":"2026-02-06T15:11:40","slug":"abaya-rose-en-tissu-hayek-brode","status":"publish","type":"product","link":"https:\/\/www.histoiredorient.com\/index.php\/product\/abaya-rose-en-tissu-hayek-brode\/","title":{"rendered":"Abaya rose en tissu Hayek brod\u00e9"},"content":{"rendered":"<div class=\"woocommerce-product-details__short-description\">\n<div id=\"tab-description\" class=\"woocommerce-Tabs-panel woocommerce-Tabs-panel--description panel entry-content wc-tab is-layout-constrained\" role=\"tabpanel\" aria-labelledby=\"tab-title-description\">\n<p data-start=\"212\" data-end=\"473\">\u00c9l\u00e9gante et intemporelle, cette abaya rose incarne le raffinement d\u2019un savoir-faire oriental revisit\u00e9 avec une sensibilit\u00e9 contemporaine. Confectionn\u00e9e dans un <strong data-start=\"372\" data-end=\"403\">tissu Hayek fluide et l\u00e9ger<\/strong>, elle offre un tomb\u00e9 gracieux qui sublime la silhouette avec naturel.<\/p>\n<p data-start=\"475\" data-end=\"819\">Les <strong data-start=\"479\" data-end=\"502\">broderies d\u00e9licates<\/strong> qui ornent les bordures apportent une touche de sophistication subtile, tandis que les <strong data-start=\"590\" data-end=\"642\">finissions soign\u00e9es et les pampilles d\u00e9coratives<\/strong> soulignent le caract\u00e8re pr\u00e9cieux de la pi\u00e8ce. Sa coupe ample et a\u00e9rienne garantit un confort absolu, id\u00e9al pour les occasions sp\u00e9ciales comme pour un port \u00e9l\u00e9gant au quotidien.<\/p>\n<p data-start=\"821\" data-end=\"986\">Polyvalente et chic, cette abaya peut \u00eatre port\u00e9e ouverte ou ferm\u00e9e, et s\u2019associe parfaitement \u00e0 une tenue sobre pour laisser toute la place \u00e0 son allure distingu\u00e9e.<\/p>\n<p data-start=\"988\" data-end=\"1001\"><strong data-start=\"988\" data-end=\"1001\">D\u00e9tails :<\/strong><\/p>\n<ul data-start=\"1002\" data-end=\"1194\">\n<li data-start=\"1002\" data-end=\"1027\">\n<p data-start=\"1004\" data-end=\"1027\">Couleur : Rose poudr\u00e9<\/p>\n<\/li>\n<li data-start=\"1028\" data-end=\"1067\">\n<p data-start=\"1030\" data-end=\"1067\">Tissu : Hayek brod\u00e9, doux et fluide<\/p>\n<\/li>\n<li data-start=\"1068\" data-end=\"1095\">\n<p data-start=\"1070\" data-end=\"1095\">Coupe : Longue et ample<\/p>\n<\/li>\n<li data-start=\"1096\" data-end=\"1154\">\n<p data-start=\"1098\" data-end=\"1154\">Finitions : Broderies raffin\u00e9es et pampilles \u00e9l\u00e9gantes<\/p>\n<\/li>\n<li data-start=\"1155\" data-end=\"1194\">\n<p data-start=\"1157\" data-end=\"1194\">Style : Oriental chic, luxe discret<\/p>\n<\/li>\n<\/ul>\n<p data-start=\"1196\" data-end=\"1307\">Une pi\u00e8ce d\u2019exception, pens\u00e9e pour les femmes en qu\u00eate d\u2019<strong data-start=\"1253\" data-end=\"1306\">\u00e9l\u00e9gance authentique et de sophistication moderne<\/strong>.<\/p>\n<\/div>\n<\/div>\n","protected":false},"excerpt":{"rendered":"<p>Abaya rose en <strong data-start=\"161\" data-end=\"182\">tissu Hayek brod\u00e9<\/strong> allie \u00e9l\u00e9gance orientale et raffinement contemporain.<\/p>\n<p>Sa <strong data-start=\"240\" data-end=\"266\">coupe longue et fluide<\/strong> offre un tomb\u00e9 gracieux, tandis que les <strong data-start=\"307\" data-end=\"330\">broderies d\u00e9licates<\/strong> et les finitions soign\u00e9es apportent une touche de luxe discret.<\/p>\n<p>Confortable et sophistiqu\u00e9e, elle est id\u00e9ale pour les occasions sp\u00e9ciales comme pour un usage quotidien \u00e9l\u00e9gant.<\/p>\n","protected":false},"featured_media":1041,"comment_status":"open","ping_status":"closed","template":"","meta":[],"product_brand":[],"product_cat":[29],"product_tag":[35],"class_list":{"0":"post-1040","1":"product","2":"type-product","3":"status-publish","4":"has-post-thumbnail","6":"product_cat-artisanat","7":"product_tag-artisanat","8":"product_shipping_class-lege","10":"first","11":"onbackorder","12":"featured","13":"taxable","14":"shipping-taxable","15":"purchasable","16":"product-type-simple"},"yoast_head":"<!-- This site is optimized with the Yoast SEO plugin v27.0 - https:\/\/yoast.com\/product\/yoast-seo-wordpress\/ -->\n<title>Abaya rose en tissu Hayek brod\u00e9 - Histoire d&#039;Orient | \u00c9picerie Fine &amp; Artisanat Oriental d&#039;Excellence<\/title>\n<meta name=\"robots\" content=\"index, follow, max-snippet:-1, max-image-preview:large, max-video-preview:-1\" \/>\n<link rel=\"canonical\" href=\"https:\/\/www.histoiredorient.com\/index.php\/product\/abaya-rose-en-tissu-hayek-brode\/\" \/>\n<meta property=\"og:locale\" content=\"fr_FR\" \/>\n<meta property=\"og:type\" content=\"article\" \/>\n<meta property=\"og:title\" content=\"Abaya rose en tissu Hayek brod\u00e9 - Histoire d&#039;Orient | \u00c9picerie Fine &amp; Artisanat Oriental d&#039;Excellence\" \/>\n<meta property=\"og:description\" content=\"Abaya rose en tissu Hayek brod\u00e9 allie \u00e9l\u00e9gance orientale et raffinement contemporain.  Sa coupe longue et fluide offre un tomb\u00e9 gracieux, tandis que les broderies d\u00e9licates et les finitions soign\u00e9es apportent une touche de luxe discret.  Confortable et sophistiqu\u00e9e, elle est id\u00e9ale pour les occasions sp\u00e9ciales comme pour un usage quotidien \u00e9l\u00e9gant.\" \/>\n<meta property=\"og:url\" content=\"https:\/\/www.histoiredorient.com\/index.php\/product\/abaya-rose-en-tissu-hayek-brode\/\" \/>\n<meta property=\"og:site_name\" content=\"Histoire d&#039;Orient | \u00c9picerie Fine &amp; Artisanat Oriental d&#039;Excellence\" \/>\n<meta property=\"article:modified_time\" content=\"2026-02-06T15:11:40+00:00\" \/>\n<meta property=\"og:image\" content=\"https:\/\/www.histoiredorient.com\/wp-content\/uploads\/2025\/12\/jobba-scaled.webp\" \/>\n\t<meta property=\"og:image:width\" content=\"1707\" \/>\n\t<meta property=\"og:image:height\" content=\"2560\" \/>\n\t<meta property=\"og:image:type\" content=\"image\/webp\" \/>\n<meta name=\"twitter:card\" content=\"summary_large_image\" \/>\n<meta name=\"twitter:label1\" content=\"Dur\u00e9e de lecture estim\u00e9e\" \/>\n\t<meta name=\"twitter:data1\" content=\"1 minute\" \/>\n<script type=\"application\/ld+json\" class=\"yoast-schema-graph\">{\"@context\":\"https:\/\/schema.org\",\"@graph\":[{\"@type\":\"WebPage\",\"@id\":\"https:\/\/www.histoiredorient.com\/index.php\/product\/abaya-rose-en-tissu-hayek-brode\/\",\"url\":\"https:\/\/www.histoiredorient.com\/index.php\/product\/abaya-rose-en-tissu-hayek-brode\/\",\"name\":\"Abaya rose en tissu Hayek brod\u00e9 - Histoire d&#039;Orient | \u00c9picerie Fine &amp; Artisanat Oriental d&#039;Excellence\",\"isPartOf\":{\"@id\":\"https:\/\/www.histoiredorient.com\/#website\"},\"primaryImageOfPage\":{\"@id\":\"https:\/\/www.histoiredorient.com\/index.php\/product\/abaya-rose-en-tissu-hayek-brode\/#primaryimage\"},\"image\":{\"@id\":\"https:\/\/www.histoiredorient.com\/index.php\/product\/abaya-rose-en-tissu-hayek-brode\/#primaryimage\"},\"thumbnailUrl\":\"https:\/\/www.histoiredorient.com\/wp-content\/uploads\/2025\/12\/jobba-scaled.webp\",\"datePublished\":\"2025-12-25T13:50:16+00:00\",\"dateModified\":\"2026-02-06T15:11:40+00:00\",\"breadcrumb\":{\"@id\":\"https:\/\/www.histoiredorient.com\/index.php\/product\/abaya-rose-en-tissu-hayek-brode\/#breadcrumb\"},\"inLanguage\":\"fr-FR\",\"potentialAction\":[{\"@type\":\"ReadAction\",\"target\":[\"https:\/\/www.histoiredorient.com\/index.php\/product\/abaya-rose-en-tissu-hayek-brode\/\"]}]},{\"@type\":\"ImageObject\",\"inLanguage\":\"fr-FR\",\"@id\":\"https:\/\/www.histoiredorient.com\/index.php\/product\/abaya-rose-en-tissu-hayek-brode\/#primaryimage\",\"url\":\"https:\/\/www.histoiredorient.com\/wp-content\/uploads\/2025\/12\/jobba-scaled.webp\",\"contentUrl\":\"https:\/\/www.histoiredorient.com\/wp-content\/uploads\/2025\/12\/jobba-scaled.webp\",\"width\":1707,\"height\":2560},{\"@type\":\"BreadcrumbList\",\"@id\":\"https:\/\/www.histoiredorient.com\/index.php\/product\/abaya-rose-en-tissu-hayek-brode\/#breadcrumb\",\"itemListElement\":[{\"@type\":\"ListItem\",\"position\":1,\"name\":\"Accueil\",\"item\":\"https:\/\/www.histoiredorient.com\/\"},{\"@type\":\"ListItem\",\"position\":2,\"name\":\"Nos Produits\",\"item\":\"https:\/\/www.histoiredorient.com\/index.php\/products\/\"},{\"@type\":\"ListItem\",\"position\":3,\"name\":\"Abaya rose en tissu Hayek brod\u00e9\"}]},{\"@type\":\"WebSite\",\"@id\":\"https:\/\/www.histoiredorient.com\/#website\",\"url\":\"https:\/\/www.histoiredorient.com\/\",\"name\":\"Histoire d'Orient\",\"description\":\"Les saveurs et l\u2019art de vivre de l\u2019Orient chez vous.\",\"publisher\":{\"@id\":\"https:\/\/www.histoiredorient.com\/#organization\"},\"potentialAction\":[{\"@type\":\"SearchAction\",\"target\":{\"@type\":\"EntryPoint\",\"urlTemplate\":\"https:\/\/www.histoiredorient.com\/?s={search_term_string}\"},\"query-input\":{\"@type\":\"PropertyValueSpecification\",\"valueRequired\":true,\"valueName\":\"search_term_string\"}}],\"inLanguage\":\"fr-FR\"},{\"@type\":\"Organization\",\"@id\":\"https:\/\/www.histoiredorient.com\/#organization\",\"name\":\"Histoire d'Orient\",\"url\":\"https:\/\/www.histoiredorient.com\/\",\"logo\":{\"@type\":\"ImageObject\",\"inLanguage\":\"fr-FR\",\"@id\":\"https:\/\/www.histoiredorient.com\/#\/schema\/logo\/image\/\",\"url\":\"https:\/\/www.histoiredorient.com\/wp-content\/uploads\/2025\/12\/logo.png\",\"contentUrl\":\"https:\/\/www.histoiredorient.com\/wp-content\/uploads\/2025\/12\/logo.png\",\"width\":1536,\"height\":1024,\"caption\":\"Histoire d'Orient\"},\"image\":{\"@id\":\"https:\/\/www.histoiredorient.com\/#\/schema\/logo\/image\/\"}}]}<\/script>\n<!-- \/ Yoast SEO plugin. -->","yoast_head_json":{"title":"Abaya rose en tissu Hayek brod\u00e9 - Histoire d&#039;Orient | \u00c9picerie Fine &amp; Artisanat Oriental d&#039;Excellence","robots":{"index":"index","follow":"follow","max-snippet":"max-snippet:-1","max-image-preview":"max-image-preview:large","max-video-preview":"max-video-preview:-1"},"canonical":"https:\/\/www.histoiredorient.com\/index.php\/product\/abaya-rose-en-tissu-hayek-brode\/","og_locale":"fr_FR","og_type":"article","og_title":"Abaya rose en tissu Hayek brod\u00e9 - Histoire d&#039;Orient | \u00c9picerie Fine &amp; Artisanat Oriental d&#039;Excellence","og_description":"Abaya rose en tissu Hayek brod\u00e9 allie \u00e9l\u00e9gance orientale et raffinement contemporain.  Sa coupe longue et fluide offre un tomb\u00e9 gracieux, tandis que les broderies d\u00e9licates et les finitions soign\u00e9es apportent une touche de luxe discret.  Confortable et sophistiqu\u00e9e, elle est id\u00e9ale pour les occasions sp\u00e9ciales comme pour un usage quotidien \u00e9l\u00e9gant.","og_url":"https:\/\/www.histoiredorient.com\/index.php\/product\/abaya-rose-en-tissu-hayek-brode\/","og_site_name":"Histoire d&#039;Orient | \u00c9picerie Fine &amp; Artisanat Oriental d&#039;Excellence","article_modified_time":"2026-02-06T15:11:40+00:00","og_image":[{"width":1707,"height":2560,"url":"https:\/\/www.histoiredorient.com\/wp-content\/uploads\/2025\/12\/jobba-scaled.webp","type":"image\/webp"}],"twitter_card":"summary_large_image","twitter_misc":{"Dur\u00e9e de lecture estim\u00e9e":"1 minute"},"schema":{"@context":"https:\/\/schema.org","@graph":[{"@type":"WebPage","@id":"https:\/\/www.histoiredorient.com\/index.php\/product\/abaya-rose-en-tissu-hayek-brode\/","url":"https:\/\/www.histoiredorient.com\/index.php\/product\/abaya-rose-en-tissu-hayek-brode\/","name":"Abaya rose en tissu Hayek brod\u00e9 - Histoire d&#039;Orient | \u00c9picerie Fine &amp; Artisanat Oriental d&#039;Excellence","isPartOf":{"@id":"https:\/\/www.histoiredorient.com\/#website"},"primaryImageOfPage":{"@id":"https:\/\/www.histoiredorient.com\/index.php\/product\/abaya-rose-en-tissu-hayek-brode\/#primaryimage"},"image":{"@id":"https:\/\/www.histoiredorient.com\/index.php\/product\/abaya-rose-en-tissu-hayek-brode\/#primaryimage"},"thumbnailUrl":"https:\/\/www.histoiredorient.com\/wp-content\/uploads\/2025\/12\/jobba-scaled.webp","datePublished":"2025-12-25T13:50:16+00:00","dateModified":"2026-02-06T15:11:40+00:00","breadcrumb":{"@id":"https:\/\/www.histoiredorient.com\/index.php\/product\/abaya-rose-en-tissu-hayek-brode\/#breadcrumb"},"inLanguage":"fr-FR","potentialAction":[{"@type":"ReadAction","target":["https:\/\/www.histoiredorient.com\/index.php\/product\/abaya-rose-en-tissu-hayek-brode\/"]}]},{"@type":"ImageObject","inLanguage":"fr-FR","@id":"https:\/\/www.histoiredorient.com\/index.php\/product\/abaya-rose-en-tissu-hayek-brode\/#primaryimage","url":"https:\/\/www.histoiredorient.com\/wp-content\/uploads\/2025\/12\/jobba-scaled.webp","contentUrl":"https:\/\/www.histoiredorient.com\/wp-content\/uploads\/2025\/12\/jobba-scaled.webp","width":1707,"height":2560},{"@type":"BreadcrumbList","@id":"https:\/\/www.histoiredorient.com\/index.php\/product\/abaya-rose-en-tissu-hayek-brode\/#breadcrumb","itemListElement":[{"@type":"ListItem","position":1,"name":"Accueil","item":"https:\/\/www.histoiredorient.com\/"},{"@type":"ListItem","position":2,"name":"Nos Produits","item":"https:\/\/www.histoiredorient.com\/index.php\/products\/"},{"@type":"ListItem","position":3,"name":"Abaya rose en tissu Hayek brod\u00e9"}]},{"@type":"WebSite","@id":"https:\/\/www.histoiredorient.com\/#website","url":"https:\/\/www.histoiredorient.com\/","name":"Histoire d'Orient","description":"Les saveurs et l\u2019art de vivre de l\u2019Orient chez vous.","publisher":{"@id":"https:\/\/www.histoiredorient.com\/#organization"},"potentialAction":[{"@type":"SearchAction","target":{"@type":"EntryPoint","urlTemplate":"https:\/\/www.histoiredorient.com\/?s={search_term_string}"},"query-input":{"@type":"PropertyValueSpecification","valueRequired":true,"valueName":"search_term_string"}}],"inLanguage":"fr-FR"},{"@type":"Organization","@id":"https:\/\/www.histoiredorient.com\/#organization","name":"Histoire d'Orient","url":"https:\/\/www.histoiredorient.com\/","logo":{"@type":"ImageObject","inLanguage":"fr-FR","@id":"https:\/\/www.histoiredorient.com\/#\/schema\/logo\/image\/","url":"https:\/\/www.histoiredorient.com\/wp-content\/uploads\/2025\/12\/logo.png","contentUrl":"https:\/\/www.histoiredorient.com\/wp-content\/uploads\/2025\/12\/logo.png","width":1536,"height":1024,"caption":"Histoire d'Orient"},"image":{"@id":"https:\/\/www.histoiredorient.com\/#\/schema\/logo\/image\/"}}]}},"_links":{"self":[{"href":"https:\/\/www.histoiredorient.com\/index.php\/wp-json\/wp\/v2\/product\/1040","targetHints":{"allow":["GET"]}}],"collection":[{"href":"https:\/\/www.histoiredorient.com\/index.php\/wp-json\/wp\/v2\/product"}],"about":[{"href":"https:\/\/www.histoiredorient.com\/index.php\/wp-json\/wp\/v2\/types\/product"}],"replies":[{"embeddable":true,"href":"https:\/\/www.histoiredorient.com\/index.php\/wp-json\/wp\/v2\/comments?post=1040"}],"wp:featuredmedia":[{"embeddable":true,"href":"https:\/\/www.histoiredorient.com\/index.php\/wp-json\/wp\/v2\/media\/1041"}],"wp:attachment":[{"href":"https:\/\/www.histoiredorient.com\/index.php\/wp-json\/wp\/v2\/media?parent=1040"}],"wp:term":[{"taxonomy":"product_brand","embeddable":true,"href":"https:\/\/www.histoiredorient.com\/index.php\/wp-json\/wp\/v2\/product_brand?post=1040"},{"taxonomy":"product_cat","embeddable":true,"href":"https:\/\/www.histoiredorient.com\/index.php\/wp-json\/wp\/v2\/product_cat?post=1040"},{"taxonomy":"product_tag","embeddable":true,"href":"https:\/\/www.histoiredorient.com\/index.php\/wp-json\/wp\/v2\/product_tag?post=1040"}],"curies":[{"name":"wp","href":"https:\/\/api.w.org\/{rel}","templated":true}]}}